{"id":4324,"date":"2023-06-23T16:55:13","date_gmt":"2023-06-23T14:55:13","guid":{"rendered":"https:\/\/iconeproduction.com\/?page_id=4324"},"modified":"2025-09-01T15:21:10","modified_gmt":"2025-09-01T13:21:10","slug":"contact","status":"publish","type":"page","link":"https:\/\/iconeproduction.com\/fr\/contact\/","title":{"rendered":"Contact"},"content":{"rendered":"<p><div class=\"section section-white section-2 pt-0 pb-0\" id=\"process\"  >\n\t\n\t\n\t\t\n\t\t\n\t\t\n\t\t\t\t\t<div class=\"align-center\">\n\n\t\t\t\t\n\t\t\t\t\t<div class=\"row\">\n\t\n<div class=\"col-xs-12 col-sm-6 col-md-6 col-lg-6 equal-cols no-padding height400 left\"  >\n\t\n\t<div class=\"fw-divider-space\" style=\"padding-top: 50px;\"><\/div>\n\n<div class=\"info-box-item height400 fluo theme-background-color\" style=\"\">\n\t<div class=\"info-box-item__inner\">\n\t\t\t\t<div class=\"info-box__description\"><h3 class=\"p1\" style=\"text-align: center\"><span style=\"color: #000000\"><strong>PARIS<\/strong><span class=\"Apple-converted-space\">\u00a0<\/span><\/span><\/h3><h4 class=\"p1\" style=\"text-align: center\"><span style=\"color: #000000\">66, avenue des Champs-Elys\u00e9es<span class=\"Apple-converted-space\">\u00a0<\/span><\/span><\/h4><h4 class=\"p1\" style=\"text-align: center\"><span style=\"color: #000000\">75008, France<span class=\"Apple-converted-space\">\u00a0<\/span><\/span><\/h4><h4 class=\"p2\" style=\"text-align: center\"><a href=\"tel:+33177189840\" style=\"color: #000000\">+33 1 77 18 98 40<span class=\"Apple-converted-space\">\u00a0<\/span><\/a><\/h4><\/div>\n\t\t\t\n\n\t<\/div>\n<\/div>\n\n\n\n\n\t<div class=\"fw-divider-space\" style=\"padding-top: 10px;\"><\/div>\n<\/div>\n<div class=\"col-xs-12 col-sm-6 col-md-6 col-lg-6 equal-cols no-padding height400 left\"  >\n\t\n\t<div class=\"fw-divider-space\" style=\"padding-top: 50px;\"><\/div>\n\n<div class=\"info-box-item section-darkgray\" style=\"\">\n\t<div class=\"info-box-item__inner\">\n\t\t\t\t<div class=\"info-box__description\"><h3 class=\"p1\" style=\"text-align: center\"><span style=\"color: #000000\"><span style=\"color: #ffffff\"><strong>LOS ANGELES<\/strong><\/span><span class=\"Apple-converted-space\">\u00a0<\/span><\/span><\/h3><h4><\/h4><h4 class=\"p1\" style=\"text-align: center\"><span style=\"color: #ffffff\">834 Huntley Drive #2<span class=\"Apple-converted-space\">\u00a0<\/span><\/span><\/h4><h4 class=\"p1\" style=\"text-align: center\"><span style=\"color: #ffffff\">West Hollywood CA 90069, USA<span class=\"Apple-converted-space\">\u00a0<\/span><\/span><\/h4><h4 class=\"p2\" style=\"text-align: center\"><span style=\"color: #ffffff\">+1 (310) 402 4111<\/span><\/h4><\/div>\n\t\t\t\n\n\t<\/div>\n<\/div>\n\n\n\n\n\t<div class=\"fw-divider-space\" style=\"padding-top: 10px;\"><\/div>\n<\/div><\/div>\n\n\n\t\t\t\t\t\n\t\t\t<\/div>\n\t\t\t\t\n\t<\/div>\n<div class=\"section section-white section-2\" id=\"contact-us\"  >\n\t\n\t\n\t\t\n\t\t\n\t\t\n\t\t\t\t\t<div class=\"container align-left\">\n\n\t\t\t\t\n\t\t\t\t\t<div class=\"row\">\n\t\n<div class=\"col-xs-12 col-sm-6 col-md-6 col-lg-6\"  >\n\t\n<h5 class=\"interligne1-5\" style=\"text-align: justify;\">Rejoignez l\u2019\u00e9quipe d\u2019Icone ! Nous sommes toujours activement \u00e0 la recherche de talents : graphistes, animateurs, directeurs artistiques, illustrateurs et monteurs vid\u00e9o.\nN\u2019h\u00e9sitez pas \u00e0 nous envoyer votre showreel ou votre CV \u00e0 l\u2019adresse suivante <a href=\"mailto:contact@iconeproduction.com\" target=\"_new\">contact@iconeproduction.com<\/a>\u00a0ou via le formulaire ci-dessous<\/h5>\n<\/div>\n<div class=\"col-xs-12 col-sm-6 col-md-6 col-lg-6\"  >\n\t\n<p class=\"hiddenlocation\">IP : 216.73.216.113<br \/>Continent : North America<br \/>Pays : United States<br \/>Code pays : US<br \/>Region : OH<br \/>Nom de la region : Ohio<br \/>Ville : Columbus<br \/>Latitude : 39.9625<br \/>Longitude : -83.0061<br \/>TimeZone : America\/New_York<br \/>Monnaie : USD<br \/>FAI : Amazon.com<br \/>Mobile : 0<br \/>Proxy : 0<br \/>Hosting : 1<br \/>Btowser : Unknown<br \/>OS : Unknown OS Platform<\/p><div class=\"form-wrapper fw-contact-form contact-form\">\n\t<form data-fw-form-id=\"fw_form\" method=\"post\" action=\"https:\/\/iconeproduction.com\/fr\/wp-json\/wp\/v2\/pages\/4324\" class=\"fw_form_fw_form\" data-fw-ext-forms-type=\"contact-forms\" data-trp-original-action=\"https:\/\/iconeproduction.com\/fr\/wp-json\/wp\/v2\/pages\/4324\"  ><input type=\"hidden\" name=\"fwf\" value=\"fw_form\" \/><input type=\"hidden\" id=\"_nonce_f195b24f8513c7948d9074e76b285b45\" name=\"_nonce_f195b24f8513c7948d9074e76b285b45\" value=\"85ab5e6187\" \/><input type=\"hidden\" name=\"_wp_http_referer\" value=\"\/fr\/wp-json\/wp\/v2\/pages\/4324\" \/><input type=\"hidden\" name=\"fw_ext_forms_form_type\" value=\"contact-forms\" \/><input type=\"hidden\" name=\"fw_ext_forms_form_id\" value=\"7c9e4dd51eadc08fbc3ca96a462435c1\" \/><div class=\"wrap-forms\">\n\t<div class=\"row\"><\/div><div class=\"row\"><div class=\"col-xs-12 col-sm-12 form-builder-item\">\n\t<div class=\"field-text\">\n\t\t\t\t<input type=\"text\" name=\"text_f53636a\" placeholder=\"Sujet\" value=\"\" id=\"id-1\" >\n\t\t\t<\/div>\n<\/div><\/div><div class=\"row\"><div class=\"col-xs-12 col-sm-6 form-builder-item\">\n\t<div class=\"field-text\">\n\t\t\t\t<input type=\"text\" name=\"text_01c0f3a\" placeholder=\"Nom\" value=\"\" id=\"id-2\" >\n\t\t\t<\/div>\n<\/div><div class=\"col-xs-12 col-sm-6 form-builder-item\">\n\t<div class=\"field-text\">\n\t\t\t\t<input type=\"text\" name=\"text_cc57f86\" placeholder=\"Email\" value=\"\" id=\"id-3\" >\n\t\t\t<\/div>\n<\/div><\/div><div class=\"row\"><div class=\"col-xs-12 col-sm-12 form-builder-item\">\n\t<div class=\"field-textarea\">\n\t\t\t\t<textarea name=\"textarea_c724bbf\" placeholder=\"Message\" id=\"id-4\" required=\"required\" ><\/textarea>\n\t\t\t<\/div>\n<\/div><\/div><div class=\"row\"><div class=\"col-xs-12 col-sm-6 form-builder-item\">\n\t<div class=\"field-recaptcha\">\n\t\t<label><\/label>\n\t\t<input type=\"hidden\" name=\"recaptcha_9dc42aa\">\n\t\t<div class=\"form-builder-item-recaptcha\" ><\/div>\n\t<\/div>\n<\/div><div class=\"col-xs-12 col-sm-6 form-builder-item\">\n\t<div class=\"field-textarea\">\n\t\t\t\t<textarea name=\"textarea_e7fdff0\" placeholder=\"\" id=\"id-5\" ><\/textarea>\n\t\t\t<\/div>\n<\/div><\/div><div class=\"row\"><\/div><\/div><div class=\"row\">\n\t<div class=\"col-xs-12 col-sm-12\">\n\t\t<button class=\"btn-a btn-a_fill_theme\">ENVOYER<\/button>\n\t<\/div>\n<\/div><input type=\"hidden\" name=\"trp-form-language\" value=\"fr\"\/><\/form><\/div><\/div><\/div>\n\n\n\t\t\t\t\t\n\t\t\t<\/div>\n\t\t\t\t\n\t<\/div>\n<div class=\"section section-white section-2 pt-0 pb-0\"   >\n\t\n\t\n\t\t\n\t\t\n\t<\/div>\n<\/p>","protected":false},"excerpt":{"rendered":"<p>PARIS\u00a066, avenue des Champs-Elys\u00e9es\u00a075008, France\u00a0+33 1 77 18 98 40\u00a0 LOS ANGELES\u00a0834 Huntley Drive #2\u00a0West Hollywood CA 90069, USA\u00a0+1 (310) 402 4111 Join our team at Icone! We are actively seeking talented graphic designers, animators, art directors, illustrators, and video editors. Feel free to send your showreel or cv to us via email at contact@iconeproduction.com\u00a0or [&hellip;]<\/p>","protected":false},"author":1,"featured_media":0,"parent":0,"menu_order":5,"comment_status":"closed","ping_status":"closed","template":"page-simple.php","meta":[],"_links":{"self":[{"href":"https:\/\/iconeproduction.com\/fr\/wp-json\/wp\/v2\/pages\/4324"}],"collection":[{"href":"https:\/\/iconeproduction.com\/fr\/wp-json\/wp\/v2\/pages"}],"about":[{"href":"https:\/\/iconeproduction.com\/fr\/wp-json\/wp\/v2\/types\/page"}],"author":[{"embeddable":true,"href":"https:\/\/iconeproduction.com\/fr\/wp-json\/wp\/v2\/users\/1"}],"replies":[{"embeddable":true,"href":"https:\/\/iconeproduction.com\/fr\/wp-json\/wp\/v2\/comments?post=4324"}],"version-history":[{"count":0,"href":"https:\/\/iconeproduction.com\/fr\/wp-json\/wp\/v2\/pages\/4324\/revisions"}],"wp:attachment":[{"href":"https:\/\/iconeproduction.com\/fr\/wp-json\/wp\/v2\/media?parent=4324"}],"curies":[{"name":"wp","href":"https:\/\/api.w.org\/{rel}","templated":true}]}}