{"id":4118,"date":"2023-06-22T16:37:19","date_gmt":"2023-06-22T14:37:19","guid":{"rendered":"https:\/\/iconeproduction.com\/?page_id=4118"},"modified":"2026-04-02T16:12:42","modified_gmt":"2026-04-02T14:12:42","slug":"about-us","status":"publish","type":"page","link":"https:\/\/iconeproduction.com\/fr\/about-us\/","title":{"rendered":"Notre \u00e9quipe"},"content":{"rendered":"<p><div class=\"section section-white section-2 section-top pt-0 pb-0\"   >\n\t\n\t\n\t\t\n\t\t\n\t\t\n\t\t\t\t<div class=\"container-middle\">\n\t\t\t\t\t<div class=\"container-fluid align-center\">\n\n\t\t\t\t\n\t\t\t\t\t<div class=\"row\">\n\t\n<div class=\"col-xs-12 col-sm-12\"  >\n\t\n\t<div class=\"fw-divider-space\" style=\"padding-top: 90px;\"><\/div>\n<\/div><\/div>\n\n\n\t\t\t\t\t\n\t\t\t<\/div>\n\t\t\t\t<\/div>\n\t\t\t\t\n\t<\/div>\n<section class=\"section section-white section-2 section-top pt-0 pb-0\"   >\n\t\n\t\n\t\t\t\t\t\t<div class=\"container-fluid align-left\">\n\t\t\t\t\t\t<div class=\"row\">\n\t\t\t\t<div class=\"col-xs-12 col-sm-12\">\n\t\t\t\t\t\t\t\t\t\t\t\t\t\t\t<h3 class=\"section__title\">Nous sommes Icone<\/h3>\n\t\t\t\t\t\t\t\t\t<\/div>\n\t\t\t<\/div>\n\t\t\t\t\t<\/div>\n\t\t\t\t\n\t\t\n\t\t\n\t\t\t\t<div class=\"container-middle\">\n\t\t\t\t\t<div class=\"container-fluid align-center\">\n\n\t\t\t\t\n\t\t\t\t\t<div class=\"row\">\n\t\n<div class=\"col-xs-12 col-sm-12\"  >\n\t\n<h5 class=\"interligne1-5\" style=\"text-align: justify;\">Agence cr\u00e9ative ind\u00e9pendante bas\u00e9e \u00e0 Paris et aux \u00c9tats-Unis, nous accompagnons les marques dans la cr\u00e9ation de contenus sur mesure, \u00e0 la crois\u00e9e de la strat\u00e9gie, du design, du digital et de la production. Nous imaginons des concepts forts et coh\u00e9rents, puis les d\u00e9ployons \u00e0 travers tous les formats : campagnes, films, contenus digitaux, sites web, exp\u00e9riences sociales, animation, 3D et effets visuels.\nNotre studio int\u00e9gr\u00e9 (production, post-production, VFX) nous permet de garder la ma\u00eetrise compl\u00e8te du processus, de l\u2019id\u00e9e \u00e0 la livraison. Depuis plus de 19 ans, nous collaborons avec les secteurs du luxe, de la culture, de la beaut\u00e9, de l\u2019innovation et de l\u2019engagement.<\/h5><\/div><\/div>\n\n<div class=\"row\">\n\t\n<div class=\"col-xs-12 col-sm-12\"  >\n\t\n\t<div class=\"fw-divider-space\" style=\"padding-top: 20px;\"><\/div>\n<\/div><\/div>\n\n\n\t\t\t\t\t\n\t\t\t<\/div>\n\t\t\t\t<\/div>\n\t\t\t\t\n\t<\/section>\n<div class=\"section section-white section-2 papillon pt-0 pb-0\" id=\"process\"  >\n\t\n\t\n\t\t\n\t\t\n\t\t\n\t\t\t\t\t<div class=\"align-left\">\n\n\t\t\t\t\n\t\t\t\t\t<div class=\"row\">\n\t\n<div class=\"col-xs-12 col-sm-6 col-md-6 col-lg-6 equal-cols no-padding height400 left\"  >\n\t\n<div class=\"info-box-item height400 fluo theme-background-color\" style=\"\">\n\t<div class=\"info-box-item__inner\">\n\t\t\t<h5 class=\"info-box__title\">Expertise<\/h5>\n\t\t\t\t<div class=\"info-box__description\"><h5 class=\"interligne1-5\" style=\"text-align: right\"><span style=\"color: #000000\">STRAT\u00c9GIE DE MARQUE<\/span><br \/><span style=\"color: #000000\">CR\u00c9ATION &amp; D\u00c9VELOPPEMENT DE CAMPAGNES<\/span><br \/><span style=\"color: #000000\">STRAT\u00c9GIE DE CONTENU<\/span><br \/><span style=\"color: #000000\">PRODUCTION VID\u00c9O &amp; PHOTOGRAPHIE<\/span><br \/><span style=\"color: #000000\">CONTENU DE MARQUE<\/span><br \/><span style=\"color: #000000\">IDENTIT\u00c9 &amp; PACKAGING<\/span><br \/><span style=\"color: #000000\">PLAN DE COMMUNICATION<\/span><br \/><span style=\"color: #000000\">STRAT\u00c9GIE DIGITALE &amp; R\u00c9SEAUX SOCIAUX<\/span><br \/><span style=\"color: #000000\">2D\u20133D &amp; EFFETS VISUELS (VFX)<\/span><\/h5><\/div>\n\t\t\t\n\n\t<\/div>\n<\/div>\n\n\n\n\n\t<div class=\"fw-divider-space\" style=\"padding-top: 20px;\"><\/div>\n<\/div>\n<div class=\"col-xs-12 col-sm-6 col-md-6 col-lg-6 equal-cols no-padding height400 right\"  >\n\t\n<div class=\"info-box-item section-darkgray\" style=\"\">\n\t<div class=\"info-box-item__inner\">\n\t\t\t<h5 class=\"info-box__title\">Secteurs d\u2019activit\u00e9<\/h5>\n\t\t\t\t<div class=\"info-box__description\"><h5 class=\"interligne1-5\" style=\"text-align: left\"><span style=\"color: #ffffff\">HAUTE JOAILLERIE &amp; HORLOGERIE<\/span><br \/><span style=\"color: #ffffff\">HAUTE COUTURE &amp; MODE<\/span><br \/><span style=\"color: #ffffff\">PARFUMERIE &amp; BEAUT\u00c9<\/span><br \/><span style=\"color: #ffffff\">VINS &amp; SPIRITUEUX<\/span><br \/><span style=\"color: #ffffff\">CULTURE &amp; INSTITUTIONS<\/span><br \/><span style=\"color: #ffffff\">COMMUNICATION CORPORATE &amp; RSE<\/span><br \/><span style=\"color: #ffffff\">GRANDE CONSOMMATION<\/span><\/h5><\/div>\n\t\t\t\n\n\t<\/div>\n<\/div>\n\n\n\n\n\t<div class=\"fw-divider-space\" style=\"padding-top: 20px;\"><\/div>\n<\/div><\/div>\n\n\n\t\t\t\t\t\n\t\t\t<\/div>\n\t\t\t\t\n\t<\/div>\n<section class=\"section section-white section-2\" id=\"about-team\"  >\n\t\n\t\n\t\t\t\t\t\t<div class=\"container align-left\">\n\t\t\t\t\t\t<div class=\"row\">\n\t\t\t\t<div class=\"col-xs-12 col-sm-12\">\n\t\t\t\t\t\t\t\t\t\t<span class=\"section__subtitle\">Notre <\/span>\n\t\t\t\t\t\t\t\t\t\t\t\t\t\t\t<h3 class=\"section__title\">equipe de direction<\/h3>\n\t\t\t\t\t\t\t\t\t<\/div>\n\t\t\t<\/div>\n\t\t\t\t\t<\/div>\n\t\t\t\t\n\t\t\n\t\t\n\t\t\t\t<div class=\"container-middle\">\n\t\t\t\t\t<div class=\"container align-left\">\n\n\t\t\t\t\n\t\t\t\t\t<div class=\"row\">\n\t\n<div class=\"col-xs-12 col-sm-6 col-md-4 col-lg-4 portrait-1\"  >\n\t\n<p><code><\/p><div class=\"tache\"><svg viewbox=\"0 0 200 200\" xmlns=\"http:\/\/www.w3.org\/2000\/svg\">   <path fill=\"#E5B045\" d=\"M53.7,-42.6C69,-23.7,80.4,-1.4,76.8,18.9C73.3,39.1,54.8,57.4,34.5,64.3C14.2,71.3,-8,67.1,-27,57.4C-46,47.8,-61.6,32.7,-66.1,14.6C-70.6,-3.4,-63.9,-24.5,-51,-42.9C-38.1,-61.3,-19.1,-77.1,0.1,-77.1C19.2,-77.2,38.4,-61.6,53.7,-42.6Z\" transform=\"translate(100 100)\" \/> <\/svg><\/div><p><\/code><\/p><div class=\"team-item\">\n\t<div class=\"team-item__wrap\">\n\t\t<img src=\"\/\/iconeproduction.com\/wp-content\/uploads\/2018\/01\/portraits_0006_Layer-3-1.png\" alt=\"Sarah HUOT\" class=\"team-item__img\">\n\t\t<div class=\"team-item-social\">\n\t\t\t\t<\/div>\n\t<\/div>\n\t<div class=\"team-item-details\">\n\t\t<div class=\"team-item-details__name\">Sarah HUOT<\/div>\n\t\t<div class=\"team-item-details__position\"><\/div>\n\t<\/div>\n<\/div>\n\n<h4 class=\"\">Founder &amp; CEO<\/h4><\/div>\n<div class=\"col-xs-12 col-sm-6 col-md-4 col-lg-4 portrait-2\"  >\n\t\n<p><code><\/p><div class=\"tache\"><svg viewbox=\"0 0 200 200\" xmlns=\"http:\/\/www.w3.org\/2000\/svg\">   <path fill=\"#E5B045\" d=\"M44.9,-47.5C59,-41.7,71.7,-28.3,72.1,-14.4C72.6,-0.5,60.7,13.8,51.9,30.8C43.1,47.7,37.3,67.2,26.2,70.7C15,74.3,-1.5,61.8,-14,51.6C-26.6,41.4,-35.3,33.4,-45.3,22.8C-55.3,12.3,-66.7,-0.7,-69.1,-16.5C-71.4,-32.2,-64.7,-50.6,-51.7,-56.7C-38.6,-62.7,-19.3,-56.3,-2,-54C15.4,-51.6,30.8,-53.4,44.9,-47.5Z\" transform=\"translate(100 100)\" \/> <\/svg><\/div><p><\/code><\/p><div class=\"team-item\">\n\t<div class=\"team-item__wrap\">\n\t\t<img src=\"\/\/iconeproduction.com\/wp-content\/uploads\/2018\/01\/portraits_0008_Layer-1-1.png\" alt=\"Lucas Ohresser\" class=\"team-item__img\">\n\t\t<div class=\"team-item-social\">\n\t\t\t\t<\/div>\n\t<\/div>\n\t<div class=\"team-item-details\">\n\t\t<div class=\"team-item-details__name\">Lucas Ohresser<\/div>\n\t\t<div class=\"team-item-details__position\"><\/div>\n\t<\/div>\n<\/div>\n\n<h4 class=\"\">Head of production \/ Director<\/h4><\/div>\n<div class=\"col-xs-12 col-sm-6 col-md-4 col-lg-4 portrait-3\"  >\n\t\n<p><code><\/p><div class=\"tache\"><svg viewbox=\"0 0 200 200\" xmlns=\"http:\/\/www.w3.org\/2000\/svg\">   <path fill=\"#E5B045\" d=\"M42.5,-49.8C52.3,-42.3,55.8,-26.4,54.5,-12.7C53.3,1,47.4,12.5,41.9,26.2C36.4,40,31.3,56,19.1,66.6C6.8,77.2,-12.6,82.5,-28.4,77.1C-44.3,71.8,-56.6,55.8,-66.8,38.4C-77.1,21,-85.3,2.3,-78.7,-10.2C-72.1,-22.6,-50.7,-28.7,-35.1,-35.2C-19.5,-41.6,-9.8,-48.4,3.3,-52.3C16.3,-56.2,32.6,-57.3,42.5,-49.8Z\" transform=\"translate(100 100)\" \/> <\/svg><\/div><p><\/code><\/p><div class=\"team-item\">\n\t<div class=\"team-item__wrap\">\n\t\t<img src=\"\/\/iconeproduction.com\/wp-content\/uploads\/2018\/01\/portraits_0000_Layer-9-1.png\" alt=\"Jos\u00e9 Fosse\" class=\"team-item__img\">\n\t\t<div class=\"team-item-social\">\n\t\t\t\t<\/div>\n\t<\/div>\n\t<div class=\"team-item-details\">\n\t\t<div class=\"team-item-details__name\">Jos\u00e9 Fosse<\/div>\n\t\t<div class=\"team-item-details__position\"><\/div>\n\t<\/div>\n<\/div>\n\n<h4 class=\"\">Head of editorial content<\/h4><\/div>\n<div class=\"col-xs-12 col-sm-6 col-md-4 col-lg-4 portrait-7\"  >\n\t\n<div class=\"tache\"><code><svg viewBox=\"0 0 200 200\" xmlns=\"http:\/\/www.w3.org\/2000\/svg\">  <path fill=\"#EAFF00\" d=\"M52.6,-56.7C68.7,-49.1,82.7,-33.1,84.6,-15.8C86.5,1.4,76.4,19.8,64.2,33.3C51.9,46.7,37.5,55,21.6,61.9C5.8,68.7,-11.6,74.1,-26.8,70.1C-42.1,66.1,-55.3,52.8,-63.1,37.4C-70.8,21.9,-73.2,4.3,-72.3,-14.8C-71.4,-33.9,-67.2,-54.5,-54.6,-62.6C-42,-70.8,-21,-66.5,-1.4,-64.9C18.2,-63.2,36.5,-64.2,52.6,-56.7Z\" transform=\"translate(100 100)\"><\/path><\/svg><\/code><\/div><p>&nbsp;<\/p><div class=\"team-item\">\n\t<div class=\"team-item__wrap\">\n\t\t<img src=\"\/\/iconeproduction.com\/wp-content\/uploads\/2022\/05\/valerie.png\" alt=\"Val\u00e9rie Viscardi\" class=\"team-item__img\">\n\t\t<div class=\"team-item-social\">\n\t\t\t\t<\/div>\n\t<\/div>\n\t<div class=\"team-item-details\">\n\t\t<div class=\"team-item-details__name\">Val\u00e9rie Viscardi<\/div>\n\t\t<div class=\"team-item-details__position\"><\/div>\n\t<\/div>\n<\/div>\n\n<h4 class=\"\">Head of strategy and edition<\/h4><\/div>\n<div class=\"col-xs-12 col-sm-6 col-md-4 col-lg-4 portrait-7\"  >\n\t\n<p><code><\/p><div class=\"tache\"><svg viewbox=\"0 0 200 200\" xmlns=\"http:\/\/www.w3.org\/2000\/svg\">   <path fill=\"#E5B045\" d=\"M44.2,-55.4C55.1,-43.4,60.3,-27.5,64.4,-10.5C68.4,6.6,71.3,24.7,62.8,33.2C54.3,41.8,34.4,40.8,18.1,44.5C1.7,48.3,-11,56.8,-21.9,55.1C-32.9,53.4,-42,41.5,-53.1,27.9C-64.3,14.4,-77.3,-0.8,-76.7,-15.1C-76.1,-29.5,-61.8,-43,-46.7,-54.3C-31.6,-65.5,-15.8,-74.4,0.4,-74.9C16.6,-75.4,33.2,-67.4,44.2,-55.4Z\" transform=\"translate(100 100)\" \/> <\/svg><\/div><p><\/code><\/p><div class=\"team-item\">\n\t<div class=\"team-item__wrap\">\n\t\t<img src=\"\/\/iconeproduction.com\/wp-content\/uploads\/2018\/01\/portraits_0005_Layer-4-1.png\" alt=\"Emmanuel Gautier\" class=\"team-item__img\">\n\t\t<div class=\"team-item-social\">\n\t\t\t\t<\/div>\n\t<\/div>\n\t<div class=\"team-item-details\">\n\t\t<div class=\"team-item-details__name\">Emmanuel Gautier<\/div>\n\t\t<div class=\"team-item-details__position\"><\/div>\n\t<\/div>\n<\/div>\n\n<h4 class=\"\">Head of post-production<\/h4><\/div>\n<div class=\"col-xs-12 col-sm-6 col-md-4 col-lg-4 portrait-4\"  >\n\t\n<p><code><\/p><div class=\"tache\"><svg viewbox=\"0 0 200 200\" xmlns=\"http:\/\/www.w3.org\/2000\/svg\">   <path fill=\"#E5B045\" d=\"M53.7,-42.6C69,-23.7,80.4,-1.4,76.8,18.9C73.3,39.1,54.8,57.4,34.5,64.3C14.2,71.3,-8,67.1,-27,57.4C-46,47.8,-61.6,32.7,-66.1,14.6C-70.6,-3.4,-63.9,-24.5,-51,-42.9C-38.1,-61.3,-19.1,-77.1,0.1,-77.1C19.2,-77.2,38.4,-61.6,53.7,-42.6Z\" transform=\"translate(100 100)\" \/> <\/svg><\/div><p><\/code><\/p><div class=\"team-item\">\n\t<div class=\"team-item__wrap\">\n\t\t<img src=\"\/\/iconeproduction.com\/wp-content\/uploads\/2018\/01\/portraits_0004_Layer-5-1.png\" alt=\"Richard Gomard\" class=\"team-item__img\">\n\t\t<div class=\"team-item-social\">\n\t\t\t\t<\/div>\n\t<\/div>\n\t<div class=\"team-item-details\">\n\t\t<div class=\"team-item-details__name\">Richard Gomard<\/div>\n\t\t<div class=\"team-item-details__position\"><\/div>\n\t<\/div>\n<\/div>\n\n<h4 class=\"\">Head of VFX<\/h4><\/div>\n<div class=\"col-xs-12 col-sm-6 col-md-4 col-lg-4 portrait-5\"  >\n\t\n<p><code><\/p><div class=\"tache\"><svg viewbox=\"0 0 200 200\" xmlns=\"http:\/\/www.w3.org\/2000\/svg\">   <path fill=\"#E5B045\" d=\"M51.9,-42C65.3,-24.6,72.7,-3.2,67.9,14.5C63,32.1,45.9,46,26.6,55.3C7.3,64.6,-14.2,69.4,-31.7,62.3C-49.2,55.2,-62.6,36.3,-63.3,18.6C-64.1,0.9,-52.1,-15.6,-39.5,-32.8C-26.8,-50,-13.4,-68,2.9,-70.3C19.3,-72.6,38.5,-59.4,51.9,-42Z\" transform=\"translate(100 100)\" \/> <\/svg><\/div><p><\/code><\/p><div class=\"team-item\">\n\t<div class=\"team-item__wrap\">\n\t\t<img src=\"\/\/iconeproduction.com\/wp-content\/uploads\/2018\/01\/portraits_0007_Layer-2-1.png\" alt=\"Charles Cochet\" class=\"team-item__img\">\n\t\t<div class=\"team-item-social\">\n\t\t\t\t<\/div>\n\t<\/div>\n\t<div class=\"team-item-details\">\n\t\t<div class=\"team-item-details__name\">Charles Cochet<\/div>\n\t\t<div class=\"team-item-details__position\"><\/div>\n\t<\/div>\n<\/div>\n\n<h4 class=\"\">Creative Director<\/h4><\/div>\n<div class=\"col-xs-12 col-sm-6 col-md-4 col-lg-4 portrait-8\"  >\n\t\n<p><code><\/p><div class=\"tache\"><svg viewbox=\"0 0 200 200\" xmlns=\"http:\/\/www.w3.org\/2000\/svg\">   <path fill=\"#E5B045\" d=\"M42.3,-51.2C52.9,-41.4,58.5,-26.4,61.3,-10.8C64.1,4.8,64.1,20.9,55.7,28.9C47.2,36.9,30.3,36.8,16.7,38.7C3,40.6,-7.3,44.6,-16.5,42.5C-25.7,40.4,-33.7,32.2,-44.5,21.7C-55.4,11.2,-68.9,-1.7,-69.4,-14.5C-69.9,-27.4,-57.2,-40.3,-43.5,-49.5C-29.7,-58.8,-14.9,-64.4,0.5,-64.9C15.8,-65.5,31.6,-61,42.3,-51.2Z\" transform=\"translate(100 100)\" \/> <\/svg><\/div><p><\/code><\/p><div class=\"team-item\">\n\t<div class=\"team-item__wrap\">\n\t\t<img src=\"\/\/iconeproduction.com\/wp-content\/uploads\/2018\/01\/portraits_0001_Layer-8-1.png\" alt=\"L\u00e9a Blot\" class=\"team-item__img\">\n\t\t<div class=\"team-item-social\">\n\t\t\t\t<\/div>\n\t<\/div>\n\t<div class=\"team-item-details\">\n\t\t<div class=\"team-item-details__name\">L\u00e9a Blot<\/div>\n\t\t<div class=\"team-item-details__position\"><\/div>\n\t<\/div>\n<\/div>\n\n<h4 class=\"\">Artistic Director<\/h4><\/div>\n<div class=\"hidden-sm col-xs-12 col-sm-6 col-md-4 col-lg-4 equal-cols no-padding align-center\"  >\n\t\n\t<div class=\"fw-divider-space\" style=\"padding-top: 100px;\"><\/div>\n\n\n<a href=\"http:\/\/iconeproduction.com\/fr\/contact\/\" target=\"_self\" class=\"btn-a btn-a_color_theme\" style=\"margin-top:100px\">\n\t\t\t\t\t\t\tNous contacter<\/a>\n<\/div><\/div>\n\n\n\t\t\t\t\t\n\t\t\t<\/div>\n\t\t\t\t<\/div>\n\t\t\t\t\n\t<\/section>\n<\/p>","protected":false},"excerpt":{"rendered":"<p>We are Icone An independent creative agency based in Paris and the United States, we support brands in creating tailor-made content at the crossroads of strategy, design, digital, and production. We craft strong, coherent concepts and bring them to life across all formats: campaigns, films, digital content, websites, social experiences, animation, 3D, and visual effects. [&hellip;]<\/p>","protected":false},"author":1,"featured_media":0,"parent":0,"menu_order":1,"comment_status":"closed","ping_status":"closed","template":"page-home.php","meta":[],"_links":{"self":[{"href":"https:\/\/iconeproduction.com\/fr\/wp-json\/wp\/v2\/pages\/4118"}],"collection":[{"href":"https:\/\/iconeproduction.com\/fr\/wp-json\/wp\/v2\/pages"}],"about":[{"href":"https:\/\/iconeproduction.com\/fr\/wp-json\/wp\/v2\/types\/page"}],"author":[{"embeddable":true,"href":"https:\/\/iconeproduction.com\/fr\/wp-json\/wp\/v2\/users\/1"}],"replies":[{"embeddable":true,"href":"https:\/\/iconeproduction.com\/fr\/wp-json\/wp\/v2\/comments?post=4118"}],"version-history":[{"count":0,"href":"https:\/\/iconeproduction.com\/fr\/wp-json\/wp\/v2\/pages\/4118\/revisions"}],"wp:attachment":[{"href":"https:\/\/iconeproduction.com\/fr\/wp-json\/wp\/v2\/media?parent=4118"}],"curies":[{"name":"wp","href":"https:\/\/api.w.org\/{rel}","templated":true}]}}