{"id":4023,"date":"2023-06-23T16:43:19","date_gmt":"2023-06-23T14:43:19","guid":{"rendered":"https:\/\/iconeproduction.com\/?page_id=4023"},"modified":"2024-10-30T12:31:29","modified_gmt":"2024-10-30T11:31:29","slug":"vfx-2","status":"publish","type":"page","link":"https:\/\/iconeproduction.com\/fr\/vfx-2\/","title":{"rendered":"Effets sp\u00e9ciaux"},"content":{"rendered":"<p><div class=\"section theme-background-color section-2 section-top pt-0 pb-0\"   >\n\t\n\t\n\t\t\n\t\t\n\t\t\n\t\t\t\t<div class=\"container-middle\">\n\t\t\t\t\t<div class=\"container-fluid align-center\">\n\n\t\t\t\t\n\t\t\t\t\t<div class=\"row\">\n\t\n<div class=\"col-xs-12 col-sm-12\"  >\n\t\n\t<div class=\"fw-divider-space\" style=\"padding-top: 90px;\"><\/div>\n<\/div><\/div>\n\n<div class=\"row\">\n\t\n<div class=\"col-xs-12 col-sm-12\"  >\n\t\n<h5 class=\"interligne1-5\" style=\"text-align: justify;\"><span style=\"color: #000000;\">Chez Icone, nous rassemblons des talents cr\u00e9atifs qui ma\u00eetrisent les technologies de pointe pour donner vie \u00e0 des contenus visuels d\u2019exception. Effets sp\u00e9ciaux, motion design, mixage sonore : nous repoussons les fronti\u00e8res du r\u00e9alisme pour cr\u00e9er des exp\u00e9riences marquantes, qu\u2019il s\u2019agisse de contenus digitaux ou imprim\u00e9s.\nNous accompagnons nos clients \u00e0 chaque \u00e9tape de leur projet, du montage vid\u00e9o \u00e0 la production 3D : tournage sur fond vert, travail en studio, mod\u00e9lisation, animation,  et la retouche beaut\u00e9 pour sublimer chaque image.<\/span><\/h5><h5 class=\"interligne1-5\" style=\"text-align: justify;\"><span style=\"color: #000000;\">Pour nous, la cr\u00e9ation n\u2019a pas de limites.<\/span><\/h5><\/div><\/div>\n\n<div class=\"row\">\n\t\n<div class=\"col-xs-12 col-sm-12\"  >\n\t\n\t<div class=\"fw-divider-space\" style=\"padding-top: 20px;\"><\/div>\n<\/div><\/div>\n\n\n\t\t\t\t\t\n\t\t\t<\/div>\n\t\t\t\t<\/div>\n\t\t\t\t\n\t<\/div>\n<div class=\"section section-white section-2 pt-30 portfolio-ic pt-0 pb-0\"   >\n\t\n\t\n\t\t\n\t\t\n\t\t\n\t\t\t\t\t<div class=\"align-left\">\n\n\t\t\t\t\n\t\t\t\t\t<div class=\"row\">\n\t\n<div class=\"col-xs-12 col-sm-12\"  >\n\t\n\t<div class=\"fw-divider-space\" style=\"padding-top: 0px;\"><\/div>\n<\/div><\/div>\n\n\n\t\t\t\t\t\n\t\t\t<\/div>\n\t\t\t\t\n\t<\/div>\n<section class=\"section section-white section-2 pt-30 portfolio-ic pt-0 pb-0\"   >\n\t\n\t\n\t\t\t\t\t\t<div class=\"container align-left\">\n\t\t\t\t\t\t<div class=\"row\">\n\t\t\t\t<div class=\"col-xs-12 col-sm-12\">\n\t\t\t\t\t\t\t\t\t\t<span class=\"section__subtitle\">ICONE PRODUCTION<\/span>\n\t\t\t\t\t\t\t\t\t\t\t\t\t\t\t<h3 class=\"section__title\">VFX STUDIO<\/h3>\n\t\t\t\t\t\t\t\t\t<\/div>\n\t\t\t<\/div>\n\t\t\t\t\t<\/div>\n\t\t\t\t\n\t\t\n\t\t\n\t\t\t\t\t<div class=\"align-left\">\n\n\t\t\t\t\n\t\t\t\t\t<div class=\"row\">\n\t\n<div class=\"col-xs-12 col-sm-12\"  >\n\t\n\t<div class=\"fw-divider-space\" style=\"padding-top: 50px;\"><\/div>\n<\/div><\/div>\n\n\n\t\t\t\t\t\n\t\t\t<\/div>\n\t\t\t\t\n\t<\/section>\n<div class=\"section section-white section-2 pt-30 portfolio-ic pt-0 pb-0\"  style=\"background-image:url(https:\/\/iconeproduction.com\/wp-content\/uploads\/2023\/06\/VFX-scaled.jpg);background-size:cover;background-attachment:scroll;background-repeat:no-repeat;\" >\n\t\n\t\n\t\t\n\t\t\n\t\t\n\t\t\t\t\t<div class=\"align-left\">\n\n\t\t\t\t\n\t\t\t\t\t<div class=\"row\">\n\t\n<div class=\"col-xs-12 col-sm-12\"  >\n\t\n\t<div class=\"fw-divider-space\" style=\"padding-top: 265px;\"><\/div>\n<\/div><\/div>\n\n\n\t\t\t\t\t\n\t\t\t<\/div>\n\t\t\t\t\n\t<\/div>\n<div class=\"section section-white section-2 pt-0 pb-0\"   >\n\t\n\t\n\t\t\n\t\t\n\t\t\n\t\t\t\t\t<div class=\"align-left\">\n\n\t\t\t\t\n\t\t\t\t\t\n<div class=\"client-logos-carousel\" data-timeout=\"1500\">\n\t\t<div class=\"client-logos-item\"><img class=\"client-logos-item__img tooltip-alt\" src=\"\/\/iconeproduction.com\/wp-content\/uploads\/2016\/07\/logo_vogue.png\" alt=\"\"><\/div>\n\t\t<div class=\"client-logos-item\"><img class=\"client-logos-item__img tooltip-alt\" src=\"\/\/iconeproduction.com\/wp-content\/uploads\/2016\/07\/logo_chanel.png\" alt=\"\"><\/div>\n\t\t<div class=\"client-logos-item\"><img class=\"client-logos-item__img tooltip-alt\" src=\"\/\/iconeproduction.com\/wp-content\/uploads\/2016\/07\/logo_schweppes.png\" alt=\"\"><\/div>\n\t\t<div class=\"client-logos-item\"><img class=\"client-logos-item__img tooltip-alt\" src=\"\/\/iconeproduction.com\/wp-content\/uploads\/2016\/07\/logo_louvre.png\" alt=\"\"><\/div>\n\t\t<div class=\"client-logos-item\"><img class=\"client-logos-item__img tooltip-alt\" src=\"\/\/iconeproduction.com\/wp-content\/uploads\/2016\/07\/logo_LV.png\" alt=\"\"><\/div>\n\t\t<div class=\"client-logos-item\"><img class=\"client-logos-item__img tooltip-alt\" src=\"\/\/iconeproduction.com\/wp-content\/uploads\/2016\/07\/logo_TUDOR.png\" alt=\"\"><\/div>\n\t\t<div class=\"client-logos-item\"><img class=\"client-logos-item__img tooltip-alt\" src=\"\/\/iconeproduction.com\/wp-content\/uploads\/2016\/07\/logo_cartier.png\" alt=\"\"><\/div>\n\t\t<div class=\"client-logos-item\"><img class=\"client-logos-item__img tooltip-alt\" src=\"\/\/iconeproduction.com\/wp-content\/uploads\/2018\/01\/logos_0021_LOre\u0301al.png\" alt=\"\"><\/div>\n\t\t<div class=\"client-logos-item\"><img class=\"client-logos-item__img tooltip-alt\" src=\"\/\/iconeproduction.com\/wp-content\/uploads\/2016\/07\/logo_canal.png\" alt=\"\"><\/div>\n\t\t<div class=\"client-logos-item\"><img class=\"client-logos-item__img tooltip-alt\" src=\"\/\/iconeproduction.com\/wp-content\/uploads\/2016\/07\/logo_unesco.png\" alt=\"\"><\/div>\n\t\t<div class=\"client-logos-item\"><img class=\"client-logos-item__img tooltip-alt\" src=\"\/\/iconeproduction.com\/wp-content\/uploads\/2018\/01\/logos_0016_VCA.png\" alt=\"\"><\/div>\n\t\t<div class=\"client-logos-item\"><img class=\"client-logos-item__img tooltip-alt\" src=\"\/\/iconeproduction.com\/wp-content\/uploads\/2016\/07\/logo_maisonmichel.png\" alt=\"\"><\/div>\n\t\t<div class=\"client-logos-item\"><img class=\"client-logos-item__img tooltip-alt\" src=\"\/\/iconeproduction.com\/wp-content\/uploads\/2018\/01\/logos_0019_Nescafe.png\" alt=\"\"><\/div>\n\t\t<div class=\"client-logos-item\"><img class=\"client-logos-item__img tooltip-alt\" src=\"\/\/iconeproduction.com\/wp-content\/uploads\/2016\/07\/logo_renault.png\" alt=\"\"><\/div>\n\t\t<div class=\"client-logos-item\"><img class=\"client-logos-item__img tooltip-alt\" src=\"\/\/iconeproduction.com\/wp-content\/uploads\/2016\/07\/logo_BNP.png\" alt=\"\"><\/div>\n\t\t<div class=\"client-logos-item\"><img class=\"client-logos-item__img tooltip-alt\" src=\"\/\/iconeproduction.com\/wp-content\/uploads\/2018\/01\/logos_0013_roger-vivier.png\" alt=\"\"><\/div>\n\t\t<div class=\"client-logos-item\"><img class=\"client-logos-item__img tooltip-alt\" src=\"\/\/iconeproduction.com\/wp-content\/uploads\/2018\/01\/logos_0024_Boursorama.png\" alt=\"\"><\/div>\n\t\t<div class=\"client-logos-item\"><img class=\"client-logos-item__img tooltip-alt\" src=\"\/\/iconeproduction.com\/wp-content\/uploads\/2018\/01\/logos_0022_geolodge.png\" alt=\"\"><\/div>\n\t\t<div class=\"client-logos-item\"><img class=\"client-logos-item__img tooltip-alt\" src=\"\/\/iconeproduction.com\/wp-content\/uploads\/2018\/01\/logos_0014_RMC.png\" alt=\"\"><\/div>\n\t\t<div class=\"client-logos-item\"><img class=\"client-logos-item__img tooltip-alt\" src=\"\/\/iconeproduction.com\/wp-content\/uploads\/2016\/07\/ministereEN.png\" alt=\"\"><\/div>\n\t\t<div class=\"client-logos-item\"><img class=\"client-logos-item__img tooltip-alt\" src=\"\/\/iconeproduction.com\/wp-content\/uploads\/2018\/01\/logos_0020_mister-freeze.png\" alt=\"\"><\/div>\n\t\t<div class=\"client-logos-item\"><img class=\"client-logos-item__img tooltip-alt\" src=\"\/\/iconeproduction.com\/wp-content\/uploads\/2018\/01\/logos_0017_panerei.png\" alt=\"\"><\/div>\n\t\t<div class=\"client-logos-item\"><img class=\"client-logos-item__img tooltip-alt\" src=\"\/\/iconeproduction.com\/wp-content\/uploads\/2018\/01\/logos_0018_ogf.png\" alt=\"\"><\/div>\n\t\t<div class=\"client-logos-item\"><img class=\"client-logos-item__img tooltip-alt\" src=\"\/\/iconeproduction.com\/wp-content\/uploads\/2018\/01\/logos_0015_renhsen.png\" alt=\"\"><\/div>\n\t\t<div class=\"client-logos-item\"><img class=\"client-logos-item__img tooltip-alt\" src=\"\/\/iconeproduction.com\/wp-content\/uploads\/2018\/01\/logos_0012_Sanofi.png\" alt=\"\"><\/div>\n\t\t<div class=\"client-logos-item\"><img class=\"client-logos-item__img tooltip-alt\" src=\"\/\/iconeproduction.com\/wp-content\/uploads\/2018\/01\/logos_0023_bouygues-batiment.png\" alt=\"\"><\/div>\n\t\t<div class=\"client-logos-item\"><img class=\"client-logos-item__img tooltip-alt\" src=\"\/\/iconeproduction.com\/wp-content\/uploads\/2018\/01\/logos_0011_SENAT.png\" alt=\"\"><\/div>\n\t<\/div>\n\t\t\t\t\t\n\t\t\t<\/div>\n\t\t\t\t\n\t<\/div>\n<\/p>","protected":false},"excerpt":{"rendered":"<p>Icone Team is composed of creative talents who employ cutting-edge techniques to produce high-quality assets that surpass the boundaries of realism through visual effects, motion graphics, and sound mixing for digital content, commercials, and print media. Our collaboration with clients encompasses video editing, 3D production (including chroma key shooting, studio work, modeling, and animation), as [&hellip;]<\/p>","protected":false},"author":1,"featured_media":0,"parent":0,"menu_order":4,"comment_status":"closed","ping_status":"closed","template":"page-simple.php","meta":[],"_links":{"self":[{"href":"https:\/\/iconeproduction.com\/fr\/wp-json\/wp\/v2\/pages\/4023"}],"collection":[{"href":"https:\/\/iconeproduction.com\/fr\/wp-json\/wp\/v2\/pages"}],"about":[{"href":"https:\/\/iconeproduction.com\/fr\/wp-json\/wp\/v2\/types\/page"}],"author":[{"embeddable":true,"href":"https:\/\/iconeproduction.com\/fr\/wp-json\/wp\/v2\/users\/1"}],"replies":[{"embeddable":true,"href":"https:\/\/iconeproduction.com\/fr\/wp-json\/wp\/v2\/comments?post=4023"}],"version-history":[{"count":0,"href":"https:\/\/iconeproduction.com\/fr\/wp-json\/wp\/v2\/pages\/4023\/revisions"}],"wp:attachment":[{"href":"https:\/\/iconeproduction.com\/fr\/wp-json\/wp\/v2\/media?parent=4023"}],"curies":[{"name":"wp","href":"https:\/\/api.w.org\/{rel}","templated":true}]}}