{"id":3352,"date":"2018-02-05T15:32:05","date_gmt":"2018-02-05T14:32:05","guid":{"rendered":"http:\/\/iconeproduction.com\/?page_id=3352"},"modified":"2023-04-14T15:18:17","modified_gmt":"2023-04-14T13:18:17","slug":"strategie-creation","status":"publish","type":"page","link":"https:\/\/iconeproduction.com\/fr\/strategie-creation\/","title":{"rendered":"Strat\u00e9gie &#038; cr\u00e9ation"},"content":{"rendered":"<p><div class=\"section section-white section-2 main-simple parallax-wrapper pt-0 pb-0\"   >\n\t\n\t\n\t\t\n\t\t\n\t\t\n\t\t\t\t<div class=\"container-middle\">\n\t\t\t\t\t<div class=\"align-left\">\n\n\t\t\t\t\n\t\t\t\t\t<div class=\"row\">\n\t\n<div class=\"col-xs-12 col-sm-12 col-md-12 col-lg-12 no-padding main-simple__title fx animated\"  >\n\t\n<h2 class=\"main-simple__title fx animated\" style=\"text-align: center;\">UNIQUE<\/h2><h3 class=\"main-simple__subtitle fx animated\" style=\"text-align: center;\">notre qualit\u00e9 de conseil<\/h3><\/div><\/div>\n\n\n\t\t\t\t\t\n\t\t\t<\/div>\n\t\t\t\t<\/div>\n\t\t\t\t\n\t<\/div>\n<div class=\"section hidden-xs section-white section-2 pt-0 pb-0 mb-20 competences pt-0 pb-0\" id=\"offer\"  >\n\t\n\t\n\t\t\n\t\t\n\t\t\n\t\t\t\t\t<div class=\"container align-left\">\n\n\t\t\t\t\n\t\t\t\t\t<div class=\"row\">\n\t\n<div class=\"col-xs-12 col-sm-6 col-md-6 col-lg-6 no-padding\"  >\n\t\n\n<div class=\"info-box-item left\" style=\"\">\n\t<div class=\"info-box-item__inner\">\n\t\t\t\t<div class=\"info-box-2-subitem\">\n\t\t\n\t\t\t\t\t\t\t<i class=\"info-box-2-subitem__ico fa fa-gears\"><\/i>\n\t\t\t\t\t\t\n\t\t\t\t\t\t<span class=\"info-box-2-subitem__title\">STRAT\u00c9GIE<\/span>\n\t\t\t\t\t\t\t\t\t<div class=\"info-box-2-subitem__description\"><p>Strat\u00e9gie de marque, strat\u00e9gie \u00e9ditoriale, wording, branding, brand content...<\/p><\/div>\n\t\t\t\t\t<\/div>\n\t\t\t<\/div>\n<\/div>\n\n\n<\/div>\n<div class=\"col-xs-12 col-sm-6 col-md-6 col-lg-6 equal-cols no-padding\"  >\n\t\n\n<div class=\"info-box-item\" style=\"\">\n\t<div class=\"info-box-item__inner\">\n\t\t\t\t<div class=\"info-box-2-subitem\">\n\t\t\n\t\t\t\t\t\t\t<i class=\"info-box-2-subitem__ico fa fa-paint-brush\"><\/i>\n\t\t\t\t\t\t\n\t\t\t\t\t\t<span class=\"info-box-2-subitem__title\">R\u00c9FLEXION CR\u00c9ATIVE<\/span>\n\t\t\t\t\t\t\t\t\t<div class=\"info-box-2-subitem__description\"><p>Print, digital, vid\u00e9o<\/p><\/div>\n\t\t\t\t\t<\/div>\n\t\t\t<\/div>\n<\/div>\n\n\n<\/div><\/div>\n\n\n\t\t\t\t\t\n\t\t\t<\/div>\n\t\t\t\t\n\t<\/div>\n<div class=\"section hidden-sm hidden-md hidden-lg section-white section-2 pt-0 pb-0 mb-20 competences pt-0 pb-0\" id=\"offer\"  >\n\t\n\t\n\t\t\n\t\t\n\t\t\n\t\t\t\t\t<div class=\"container align-left\">\n\n\t\t\t\t\n\t\t\t\t\t<div class=\"row\">\n\t\n<div class=\"col-xs-12 col-sm-6 col-md-6 col-lg-6 no-padding\"  >\n\t\n\n<div class=\"info-box-item\" style=\"\">\n\t<div class=\"info-box-item__inner\">\n\t\t\t\t<div class=\"info-box-2-subitem\">\n\t\t\n\t\t\t\t\t\t\t<i class=\"info-box-2-subitem__ico fa fa-gears\"><\/i>\n\t\t\t\t\t\t\n\t\t\t\t\t\t<span class=\"info-box-2-subitem__title\">STRAT\u00c9GIE<\/span>\n\t\t\t\t\t\t\t\t\t<div class=\"info-box-2-subitem__description\"><p>Strat\u00e9gie de marque, strat\u00e9gie \u00e9ditoriale, wording, branding, brand content...<\/p><\/div>\n\t\t\t\t\t<\/div>\n\t\t\t\t<div class=\"info-box-2-subitem\">\n\t\t\n\t\t\t\t\t\t\t<i class=\"info-box-2-subitem__ico dashicons dashicons-admin-customizer\"><\/i>\n\t\t\t\t\t\t\n\t\t\t\t\t\t<span class=\"info-box-2-subitem__title\">R\u00c9FLEXION CR\u00c9ATIVE<\/span>\n\t\t\t\t\t\t\t\t\t<div class=\"info-box-2-subitem__description\"><p>Print, digital, vid\u00e9o<\/p><\/div>\n\t\t\t\t\t<\/div>\n\t\t\t<\/div>\n<\/div>\n\n\n<\/div><\/div>\n\n\n\t\t\t\t\t\n\t\t\t<\/div>\n\t\t\t\t\n\t<\/div>\n<section class=\"section section-lightgray section-2 pt-30 portfolio-ic pt-0 pb-0\"   >\n\t\n\t\n\t\t\t\t\t\t<div class=\"container align-left\">\n\t\t\t\t\t\t<div class=\"row\">\n\t\t\t\t<div class=\"col-xs-12 col-sm-12\">\n\t\t\t\t\t\t\t\t\t\t<span class=\"section__subtitle\">Quelques-unes de <\/span>\n\t\t\t\t\t\t\t\t\t\t\t\t\t\t\t<h3 class=\"section__title\">Nos r\u00e9alisations<\/h3>\n\t\t\t\t\t\t\t\t\t<\/div>\n\t\t\t<\/div>\n\t\t\t\t\t<\/div>\n\t\t\t\t\n\t\t\n\t\t\n\t\t\t\t\t<div class=\"align-left\">\n\n\t\t\t\t\n\t\t\t\t\t<div class=\"row\">\n\t\n<div class=\"col-xs-12 col-sm-12\"  >\n\t\n<p><\/p><\/div><\/div>\n\n\n\t\t\t\t\t\n\t\t\t<\/div>\n\t\t\t\t\n\t<\/section>\n<\/p>","protected":false},"excerpt":{"rendered":"<p>UNIQUEnotre qualit\u00e9 de conseil STRAT\u00c9GIE Strat\u00e9gie de marque, strat\u00e9gie \u00e9ditoriale, wording, branding, brand content&#8230; R\u00c9FLEXION CR\u00c9ATIVE Print, digital, vid\u00e9o STRAT\u00c9GIE Strat\u00e9gie de marque, strat\u00e9gie \u00e9ditoriale, wording, branding, brand content&#8230; R\u00c9FLEXION CR\u00c9ATIVE Print, digital, vid\u00e9o Quelques-unes de Nos r\u00e9alisations<\/p>","protected":false},"author":1,"featured_media":0,"parent":0,"menu_order":2,"comment_status":"closed","ping_status":"closed","template":"page-simple.php","meta":[],"_links":{"self":[{"href":"https:\/\/iconeproduction.com\/fr\/wp-json\/wp\/v2\/pages\/3352"}],"collection":[{"href":"https:\/\/iconeproduction.com\/fr\/wp-json\/wp\/v2\/pages"}],"about":[{"href":"https:\/\/iconeproduction.com\/fr\/wp-json\/wp\/v2\/types\/page"}],"author":[{"embeddable":true,"href":"https:\/\/iconeproduction.com\/fr\/wp-json\/wp\/v2\/users\/1"}],"replies":[{"embeddable":true,"href":"https:\/\/iconeproduction.com\/fr\/wp-json\/wp\/v2\/comments?post=3352"}],"version-history":[{"count":0,"href":"https:\/\/iconeproduction.com\/fr\/wp-json\/wp\/v2\/pages\/3352\/revisions"}],"wp:attachment":[{"href":"https:\/\/iconeproduction.com\/fr\/wp-json\/wp\/v2\/media?parent=3352"}],"curies":[{"name":"wp","href":"https:\/\/api.w.org\/{rel}","templated":true}]}}