{"id":2835,"date":"2017-12-18T15:19:28","date_gmt":"2017-12-18T14:19:28","guid":{"rendered":"http:\/\/iconeproduction.com\/?page_id=2835"},"modified":"2023-04-18T14:30:52","modified_gmt":"2023-04-18T12:30:52","slug":"production","status":"publish","type":"page","link":"https:\/\/iconeproduction.com\/fr\/production\/","title":{"rendered":"Production"},"content":{"rendered":"<p><div class=\"section section-white section-2 main-simple parallax-wrapper pt-0 pb-0\"   >\n\t\n\t\n\t\t\n\t\t\n\t\t\n\t\t\t\t<div class=\"container-middle\">\n\t\t\t\t\t<div class=\"align-left\">\n\n\t\t\t\t\n\t\t\t\t\t<div class=\"row\">\n\t\n<div class=\"col-xs-12 col-sm-12 col-md-12 col-lg-12 no-padding main-simple__title fx animated\"  >\n\t\n<h2 class=\"main-simple__title fx animated\" style=\"text-align: center;\">UNIQUE<\/h2><h3 class=\"main-simple__subtitle fx animated\" style=\"text-align: center;\">Notre capacit\u00e9 d'orchestration<\/h3><\/div><\/div>\n\n\n\t\t\t\t\t\n\t\t\t<\/div>\n\t\t\t\t<\/div>\n\t\t\t\t\n\t<\/div>\n<div class=\"section hidden-xs section-white section-2 pt-0 pb-0 mb-20 competences\" id=\"offer\"  >\n\t\n\t\n\t\t\n\t\t\n\t\t\n\t\t\t\t\t<div class=\"container align-left\">\n\n\t\t\t\t\n\t\t\t\t\t<div class=\"row\">\n\t\n<div class=\"col-xs-12 col-sm-6 col-md-6 col-lg-6 no-padding\"  >\n\t\n\n<div class=\"info-box-item left\" style=\"\">\n\t<div class=\"info-box-item__inner\">\n\t\t\t\t<div class=\"info-box-2-subitem\">\n\t\t\n\t\t\t\t\t\t\t<i class=\"info-box-2-subitem__ico fa fa-youtube-play\"><\/i>\n\t\t\t\t\t\t\n\t\t\t\t\t\t<span class=\"info-box-2-subitem__title\">VID\u00c9O<\/span>\n\t\t\t\t\t\t\t\t\t<div class=\"info-box-2-subitem__description\"><p>Production (tournage, montage...), publicit\u00e9, documentaire, format journalistique, institutionnel<\/p><\/div>\n\t\t\t\t\t<\/div>\n\t\t\t\t<div class=\"info-box-2-subitem\">\n\t\t\n\t\t\t\t\t\t\t<i class=\"info-box-2-subitem__ico fa fa-laptop\"><\/i>\n\t\t\t\t\t\t\n\t\t\t\t\t\t<span class=\"info-box-2-subitem__title\">DIGITAL<\/span>\n\t\t\t\t\t\t\t\t\t<div class=\"info-box-2-subitem__description\"><p>Site web, r\u00e9seaux sociaux, influenceurs<\/p><\/div>\n\t\t\t\t\t<\/div>\n\t\t\t<\/div>\n<\/div>\n\n\n<\/div>\n<div class=\"col-xs-12 col-sm-6 col-md-6 col-lg-6 no-padding\"  >\n\t\n\n<div class=\"info-box-item\" style=\"\">\n\t<div class=\"info-box-item__inner\">\n\t\t\t\t<div class=\"info-box-2-subitem\">\n\t\t\n\t\t\t\t\t\t\t<i class=\"info-box-2-subitem__ico fa fa-book\"><\/i>\n\t\t\t\t\t\t\n\t\t\t\t\t\t<span class=\"info-box-2-subitem__title\">PRINT<\/span>\n\t\t\t\t\t\t\t\t\t<div class=\"info-box-2-subitem__description\"><p>Direction artistique, \u00e9xecution graphique, shooting, outils de presse<\/p><\/div>\n\t\t\t\t\t<\/div>\n\t\t\t\t<div class=\"info-box-2-subitem\">\n\t\t\n\t\t\t\t\t\t\t<i class=\"info-box-2-subitem__ico fa fa-volume-up\"><\/i>\n\t\t\t\t\t\t\n\t\t\t\t\t\t<span class=\"info-box-2-subitem__title\">AUDIO<\/span>\n\t\t\t\t\t\t\t\t\t<div class=\"info-box-2-subitem__description\"><p>Musique originale, voix off, enregistrement sonore<\/p><\/div>\n\t\t\t\t\t<\/div>\n\t\t\t<\/div>\n<\/div>\n\n\n<\/div><\/div>\n\n\n\t\t\t\t\t\n\t\t\t<\/div>\n\t\t\t\t\n\t<\/div>\n<div class=\"section hidden-sm hidden-md hidden-lg section-white section-2 pt-0 pb-0 mb-20 competences\" id=\"offer\"  >\n\t\n\t\n\t\t\n\t\t\n\t\t\n\t\t\t\t\t<div class=\"container align-left\">\n\n\t\t\t\t\n\t\t\t\t\t<div class=\"row\">\n\t\n<div class=\"col-xs-12 col-sm-6 col-md-6 col-lg-6 no-padding\"  >\n\t\n\n<div class=\"info-box-item\" style=\"\">\n\t<div class=\"info-box-item__inner\">\n\t\t\t\t<div class=\"info-box-2-subitem\">\n\t\t\n\t\t\t\t\t\t\t<i class=\"info-box-2-subitem__ico fa fa-youtube-play\"><\/i>\n\t\t\t\t\t\t\n\t\t\t\t\t\t<span class=\"info-box-2-subitem__title\">VID\u00c9O<\/span>\n\t\t\t\t\t\t\t\t\t<div class=\"info-box-2-subitem__description\"><p>Production (tournage, montage...), publicit\u00e9, documentaire, format journalistique, institutionnel<\/p><\/div>\n\t\t\t\t\t<\/div>\n\t\t\t\t<div class=\"info-box-2-subitem\">\n\t\t\n\t\t\t\t\t\t\t<i class=\"info-box-2-subitem__ico fa fa-laptop\"><\/i>\n\t\t\t\t\t\t\n\t\t\t\t\t\t<span class=\"info-box-2-subitem__title\">DIGITAL<\/span>\n\t\t\t\t\t\t\t\t\t<div class=\"info-box-2-subitem__description\"><p>Site web, r\u00e9seaux sociaux, influenceurs<\/p><\/div>\n\t\t\t\t\t<\/div>\n\t\t\t\t<div class=\"info-box-2-subitem\">\n\t\t\n\t\t\t\t\t\t\t<i class=\"info-box-2-subitem__ico fa fa-book\"><\/i>\n\t\t\t\t\t\t\n\t\t\t\t\t\t<span class=\"info-box-2-subitem__title\">PRINT<\/span>\n\t\t\t\t\t\t\t\t\t<div class=\"info-box-2-subitem__description\"><p>Direction artistique, \u00e9xecution graphique, shooting, outils de presse<\/p><\/div>\n\t\t\t\t\t<\/div>\n\t\t\t\t<div class=\"info-box-2-subitem\">\n\t\t\n\t\t\t\t\t\t\t<i class=\"info-box-2-subitem__ico fa fa-volume-up\"><\/i>\n\t\t\t\t\t\t\n\t\t\t\t\t\t<span class=\"info-box-2-subitem__title\">AUDIO<\/span>\n\t\t\t\t\t\t\t\t\t<div class=\"info-box-2-subitem__description\"><p>Musique originale, voix off, enregistrement sonore<\/p><\/div>\n\t\t\t\t\t<\/div>\n\t\t\t<\/div>\n<\/div>\n\n\n<\/div><\/div>\n\n\n\t\t\t\t\t\n\t\t\t<\/div>\n\t\t\t\t\n\t<\/div>\n<section class=\"section section-lightgray section-2 pt-30 portfolio-ic pt-0 pb-0\"   >\n\t\n\t\n\t\t\t\t\t\t<div class=\"container align-left\">\n\t\t\t\t\t\t<div class=\"row\">\n\t\t\t\t<div class=\"col-xs-12 col-sm-12\">\n\t\t\t\t\t\t\t\t\t\t<span class=\"section__subtitle\">Quelques-unes de <\/span>\n\t\t\t\t\t\t\t\t\t\t\t\t\t\t\t<h3 class=\"section__title\">Nos r\u00e9alisations<\/h3>\n\t\t\t\t\t\t\t\t\t<\/div>\n\t\t\t<\/div>\n\t\t\t\t\t<\/div>\n\t\t\t\t\n\t\t\n\t\t\n\t\t\t\t\t<div class=\"align-left\">\n\n\t\t\t\t\n\t\t\t\t\t<div class=\"row\">\n\t\n<div class=\"col-xs-12 col-sm-12\"  >\n\t\n<p><\/p><\/div><\/div>\n\n\n\t\t\t\t\t\n\t\t\t<\/div>\n\t\t\t\t\n\t<\/section>\n<\/p>","protected":false},"excerpt":{"rendered":"<p>UNIQUENotre capacit\u00e9 d&#8217;orchestration VID\u00c9O Production (tournage, montage&#8230;), publicit\u00e9, documentaire, format journalistique, institutionnel DIGITAL Site web, r\u00e9seaux sociaux, influenceurs PRINT Direction artistique, \u00e9xecution graphique, shooting, outils de presse AUDIO Musique originale, voix off, enregistrement sonore VID\u00c9O Production (tournage, montage&#8230;), publicit\u00e9, documentaire, format journalistique, institutionnel DIGITAL Site web, r\u00e9seaux sociaux, influenceurs PRINT Direction artistique, \u00e9xecution graphique, shooting, [&hellip;]<\/p>","protected":false},"author":1,"featured_media":0,"parent":0,"menu_order":3,"comment_status":"closed","ping_status":"closed","template":"page-simple.php","meta":[],"_links":{"self":[{"href":"https:\/\/iconeproduction.com\/fr\/wp-json\/wp\/v2\/pages\/2835"}],"collection":[{"href":"https:\/\/iconeproduction.com\/fr\/wp-json\/wp\/v2\/pages"}],"about":[{"href":"https:\/\/iconeproduction.com\/fr\/wp-json\/wp\/v2\/types\/page"}],"author":[{"embeddable":true,"href":"https:\/\/iconeproduction.com\/fr\/wp-json\/wp\/v2\/users\/1"}],"replies":[{"embeddable":true,"href":"https:\/\/iconeproduction.com\/fr\/wp-json\/wp\/v2\/comments?post=2835"}],"version-history":[{"count":0,"href":"https:\/\/iconeproduction.com\/fr\/wp-json\/wp\/v2\/pages\/2835\/revisions"}],"wp:attachment":[{"href":"https:\/\/iconeproduction.com\/fr\/wp-json\/wp\/v2\/media?parent=2835"}],"curies":[{"name":"wp","href":"https:\/\/api.w.org\/{rel}","templated":true}]}}