{"id":987,"date":"2016-10-06T15:35:22","date_gmt":"2016-10-06T13:35:22","guid":{"rendered":"http:\/\/iconeproduction.com\/?page_id=987"},"modified":"2023-06-15T10:37:49","modified_gmt":"2023-06-15T08:37:49","slug":"esprit-dequipe","status":"publish","type":"page","link":"https:\/\/iconeproduction.com\/en\/esprit-dequipe\/","title":{"rendered":"Esprit d&#8217;\u00e9quipe"},"content":{"rendered":"<p><div class=\"section section-white section-2 main-simple parallax-wrapper pt-0 pb-0\"   >\n\t\n\t\n\t\t\n\t\t\n\t\t\n\t\t\t\t<div class=\" container-middle\">\n\t\t\t\t\t<div class=\" align-left\">\n\n\t\t\t\t\n\t\t\t\t\t<div class=\"row\">\n\t\n<div class=\" col-xs-12 col-sm-12 col-md-12 col-lg-12 no-padding main-simple__title fx animated \"  >\n\t\n<h2 class=\"main-simple__title fx animated\" style=\"text-align: center;\">UNIQUE<\/h2><h3 class=\"main-simple__subtitle fx animated\" style=\"text-align: center;\">Notre esprit d'\u00e9quipe<\/h3><\/div><\/div>\n\n\n\t\t\t\t\t\n\t\t\t<\/div>\n\t\t\t\t<\/div>\n\t\t\t\t\n\t<\/div>\n<div class=\"section section-white section-2\" id=\"about\"  >\n\t\n\t\n\t\t\n\t\t\n\t\t\n\t\t\t\t\t<div class=\"container align-left\">\n\n\t\t\t\t\n\t\t\t\t\t<div class=\"row\">\n\t\n<div class=\" col-xs-12 col-sm-12 col-md-12 col-lg-12 einstein\"  >\n\t\n<div style=\"text-align: center;\"><span class=\"section__subtitle\">Albert Einstein<\/span><\/div><div style=\"text-align: center;\"><span class=\"section__title\">\u00ab On n\u2019est intelligent qu\u2019\u00e0 plusieurs \u00bb<\/span><\/div><p style=\"text-align: justify;\">Depuis sa fondation en 2006, <span class=\"icone\">icone<\/span> propose \u00e0 ses clients une offre de solutions toujours plus large - audiovisuel, impression ou web - leur permettant de ressourcer leurs valeurs, d'accentuer leur visibilit\u00e9 et leur empreinte par l'image. <span class=\"icone\">icone<\/span> a b\u00e2ti sa r\u00e9putation sur la qualit\u00e9 d'\u00e9coute, la capacit\u00e9 d'adaptation et la cr\u00e9ativit\u00e9 de ses \u00e9quipes qui lui valent aujourd'hui la confiance de nombreux clients.<\/p><p style=\"text-align: justify;\">En particulier, <span class=\"icone\">icone<\/span> poss\u00e8de son propre studio de r\u00e9alisation et d\u2019effets sp\u00e9ciaux : ses collaborateurs talentueux et compl\u00e9mentaires, producteurs ou cr\u00e9atifs, y constituent des \u00e9quipes sur-mesure, adapt\u00e9es \u00e0 chaque projet qui sera servi par une vision artistique originale ainsi que par la production int\u00e9gr\u00e9e d'effets sp\u00e9ciaux toujours plus innovants.<br \/>En 2021, <span class=\"icone\">icone<\/span> a travers\u00e9 l'Atlantique pour ouvrir \u00e0 Los Angeles un nouveau studio d\u00e9di\u00e9 \u00e0 la production de films institutionnels, de fictions, de s\u00e9ries et de nouveaux supports cr\u00e9atifs. Dans cet esprit de fronti\u00e8res, <span class=\"icone\">icone<\/span> ambitionne d\u00e9sormais de d\u00e9velopper un univers cr\u00e9atif global aussi libre et ouvert que l'imagination elle-m\u00eame !<\/p><\/div><\/div>\n\n\n\t\t\t\t\t\n\t\t\t<\/div>\n\t\t\t\t\n\t<\/div>\n<div class=\"section hidden-xs section-white section-2 papillon pt-0 pb-0\" id=\"process\"  >\n\t\n\t\n\t\t\n\t\t\n\t\t\n\t\t\t\t\t<div class=\" align-left\">\n\n\t\t\t\t\n\t\t\t\t\t<div class=\"row\">\n\t\n<div class=\" col-xs-12 col-sm-6 col-md-6 col-lg-6 equal-cols no-padding height400 left\"  >\n\t\n<div class=\"info-box-item height400 fluo theme-background-color\" style=\"\">\n\t<div class=\"info-box-item__inner\">\n\t\t\t<h5 class=\"info-box__title\">Domaines de comp\u00e9tences<\/h5>\n\t\t\t\t<div class=\"info-box__description\"><ul><li style=\"text-align: right\">Publicit\u00e9 (r\u00e9alisation, montage, FX)<\/li><li style=\"text-align: right\">Photographie, film et documentaire<\/li><li style=\"text-align: right\">Captation et retransmission en direct (live stream)<\/li><li style=\"text-align: right\">Communication digitale<\/li><li style=\"text-align: right\">Communication \u00e9ditoriale<\/li><\/ul><\/div>\n\t\t\t\n\n\t<\/div>\n<\/div>\n\n\n\n<\/div>\n<div class=\" col-xs-12 col-sm-6 col-md-6 col-lg-6 equal-cols no-padding height400 droit\"  >\n\t\n<div class=\"info-box-item height400 section-darkgray\" style=\"\">\n\t<div class=\"info-box-item__inner\">\n\t\t\t<h5 class=\"info-box__title\">Univers d&#039;intervention<\/h5>\n\t\t\t\t<div class=\"info-box__description\"><ul><li>Luxe<\/li><li>Savoir-faire<\/li><li>Cosm\u00e9tique<\/li><li>Consumer goods<\/li><li>Communication institutionnelle, RSE<\/li><li>Formation et communication interne<\/li><\/ul><\/div>\n\t\t\t\n\n\t<\/div>\n<\/div>\n\n\n\n<\/div><\/div>\n\n\n\t\t\t\t\t\n\t\t\t<\/div>\n\t\t\t\t\n\t<\/div>\n<div class=\"section hidden-sm hidden-md hidden-lg section-white section-2 papillon pt-0 pb-0\" id=\"process\"  >\n\t\n\t\n\t\t\n\t\t\n\t\t\n\t\t\t\t\t<div class=\" align-left\">\n\n\t\t\t\t\n\t\t\t\t\t<div class=\"row\">\n\t\n<div class=\" col-xs-12 col-sm-6 col-md-6 col-lg-6 equal-cols no-padding height400\"  >\n\t\n<div class=\"info-box-item height400 fluo theme-background-color\" style=\"\">\n\t<div class=\"info-box-item__inner\">\n\t\t\t<h5 class=\"info-box__title\">Domaines de comp\u00e9tences<\/h5>\n\t\t\t\t<div class=\"info-box__description\"><ul><li>Publicit\u00e9 (r\u00e9alisation, montage, FX)<\/li><li>Photographie, film et documentaire<\/li><li>Captation et retransmission en direct (live stream)<\/li><li>Communication digitale<\/li><li>Communication \u00e9ditoriale<\/li><\/ul><\/div>\n\t\t\t\n\n\t<\/div>\n<\/div>\n\n\n\n<\/div>\n<div class=\" col-xs-12 col-sm-6 col-md-6 col-lg-6 equal-cols no-padding height400 droit\"  >\n\t\n<div class=\"info-box-item height400 section-darkgray\" style=\"\">\n\t<div class=\"info-box-item__inner\">\n\t\t\t<h5 class=\"info-box__title\">Univers d&#039;intervention<\/h5>\n\t\t\t\t<div class=\"info-box__description\"><ul><li>Luxe<\/li><li>Savoir-faire<\/li><li>Cosm\u00e9tique<\/li><li>Consumer goods<\/li><li>Communication institutionnelle, RSE<\/li><li>Formation et communication interne<\/li><\/ul><\/div>\n\t\t\t\n\n\t<\/div>\n<\/div>\n\n\n\n<\/div><\/div>\n\n\n\t\t\t\t\t\n\t\t\t<\/div>\n\t\t\t\t\n\t<\/div>\n<section class=\"section section-white section-2\" id=\"about-team\"  >\n\t\n\t\n\t\t\t\t\t\t<div class=\"container align-left\">\n\t\t\t\t\t\t<div class=\"row\">\n\t\t\t\t<div class=\"col-xs-12 col-sm-12\">\n\t\t\t\t\t\t\t\t\t\t<span class=\"section__subtitle\">Rencontrez<\/span>\n\t\t\t\t\t\t\t\t\t\t\t\t\t\t\t<h3 class=\"section__title\">Notre \u00e9quipe<\/h3>\n\t\t\t\t\t\t\t\t\t<\/div>\n\t\t\t<\/div>\n\t\t\t\t\t<\/div>\n\t\t\t\t\n\t\t\n\t\t\n\t\t\t\t<div class=\" container-middle\">\n\t\t\t\t\t<div class=\"container align-left\">\n\n\t\t\t\t\n\t\t\t\t\t<div class=\"row\">\n\t\n<div class=\" col-xs-12 col-sm-6 col-md-4 col-lg-4 portrait-1\"  >\n\t\n<p><code><\/p><div class=\"tache\"><svg viewBox=\"0 0 200 200\" xmlns=\"http:\/\/www.w3.org\/2000\/svg\">   <path fill=\"#E5B045\" d=\"M53.7,-42.6C69,-23.7,80.4,-1.4,76.8,18.9C73.3,39.1,54.8,57.4,34.5,64.3C14.2,71.3,-8,67.1,-27,57.4C-46,47.8,-61.6,32.7,-66.1,14.6C-70.6,-3.4,-63.9,-24.5,-51,-42.9C-38.1,-61.3,-19.1,-77.1,0.1,-77.1C19.2,-77.2,38.4,-61.6,53.7,-42.6Z\" transform=\"translate(100 100)\" \/> <\/svg><\/div><p><\/code><\/p><div class=\"team-item\">\n\t<div class=\"team-item__wrap\">\n\t\t<img src=\"\/\/iconeproduction.com\/wp-content\/uploads\/2018\/01\/portraits_0006_Layer-3-1.png\" alt=\"Sarah HUOT\" class=\"team-item__img\">\n\t\t<div class=\"team-item-social\">\n\t\t\t\t<\/div>\n\t<\/div>\n\t<div class=\"team-item-details\">\n\t\t<div class=\"team-item-details__name\">Sarah HUOT<\/div>\n\t\t<div class=\"team-item-details__position\"><\/div>\n\t<\/div>\n<\/div>\n\n<h4 class=\"\">Co-fondatrice et Directrice de l&#039;agence<\/h4><p>Apr\u00e8s des d\u00e9buts dans le milieu de la bande-dessin\u00e9e, Sarah a successivement rempli les fonctions de charg\u00e9e de communication, directrice de casting, r\u00e9alisatrice et directrice de production. Ces exp\u00e9riences lui ont permis de cr\u00e9er Ic\u00f4ne qu\u2019elle incarne et dirige depuis plus de dix ans.<\/p><\/div>\n<div class=\" col-xs-12 col-sm-6 col-md-4 col-lg-4 portrait-3\"  >\n\t\n<p><code><\/p><div class=\"tache\"><svg viewBox=\"0 0 200 200\" xmlns=\"http:\/\/www.w3.org\/2000\/svg\">   <path fill=\"#E5B045\" d=\"M42.5,-49.8C52.3,-42.3,55.8,-26.4,54.5,-12.7C53.3,1,47.4,12.5,41.9,26.2C36.4,40,31.3,56,19.1,66.6C6.8,77.2,-12.6,82.5,-28.4,77.1C-44.3,71.8,-56.6,55.8,-66.8,38.4C-77.1,21,-85.3,2.3,-78.7,-10.2C-72.1,-22.6,-50.7,-28.7,-35.1,-35.2C-19.5,-41.6,-9.8,-48.4,3.3,-52.3C16.3,-56.2,32.6,-57.3,42.5,-49.8Z\" transform=\"translate(100 100)\" \/> <\/svg><\/div><p><\/code><\/p><div class=\"team-item\">\n\t<div class=\"team-item__wrap\">\n\t\t<img src=\"\/\/iconeproduction.com\/wp-content\/uploads\/2018\/01\/portraits_0000_Layer-9-1.png\" alt=\"Jos\u00e9 Fosse\" class=\"team-item__img\">\n\t\t<div class=\"team-item-social\">\n\t\t\t\t<\/div>\n\t<\/div>\n\t<div class=\"team-item-details\">\n\t\t<div class=\"team-item-details__name\">Jos\u00e9 Fosse<\/div>\n\t\t<div class=\"team-item-details__position\"><\/div>\n\t<\/div>\n<\/div>\n\n<h4 class=\"\">R\u00e9alisateur - Journaliste<\/h4><p>Depuis quinze ans, Jos\u00e9 participe \u00e0 la r\u00e9alisation de nombreux programmes diffus\u00e9s sur les principales cha\u00eenes de t\u00e9l\u00e9vision fran\u00e7aise. Journaliste, r\u00e9alisateur et r\u00e9dacteur en chef, Jos\u00e9 apporte \u00e0 Ic\u00f4ne sa pertinence et son exp\u00e9rience dans l\u2019\u00e9criture, la mise en images de sujets, le montage et dans bien d\u2019autres domaines.<\/p><\/div>\n<div class=\" col-xs-12 col-sm-6 col-md-4 col-lg-4 portrait-7\"  >\n\t\n<div class=\"tache\"><code><svg viewBox=\"0 0 200 200\" xmlns=\"http:\/\/www.w3.org\/2000\/svg\">  <path fill=\"#EAFF00\" d=\"M52.6,-56.7C68.7,-49.1,82.7,-33.1,84.6,-15.8C86.5,1.4,76.4,19.8,64.2,33.3C51.9,46.7,37.5,55,21.6,61.9C5.8,68.7,-11.6,74.1,-26.8,70.1C-42.1,66.1,-55.3,52.8,-63.1,37.4C-70.8,21.9,-73.2,4.3,-72.3,-14.8C-71.4,-33.9,-67.2,-54.5,-54.6,-62.6C-42,-70.8,-21,-66.5,-1.4,-64.9C18.2,-63.2,36.5,-64.2,52.6,-56.7Z\" transform=\"translate(100 100)\"><\/path><\/svg><\/code><\/div><p>&nbsp;<\/p><div class=\"team-item\">\n\t<div class=\"team-item__wrap\">\n\t\t<img src=\"\/\/iconeproduction.com\/wp-content\/uploads\/2022\/05\/valerie.png\" alt=\"Val\u00e9rie Viscardi\" class=\"team-item__img\">\n\t\t<div class=\"team-item-social\">\n\t\t\t\t<\/div>\n\t<\/div>\n\t<div class=\"team-item-details\">\n\t\t<div class=\"team-item-details__name\">Val\u00e9rie Viscardi<\/div>\n\t\t<div class=\"team-item-details__position\"><\/div>\n\t<\/div>\n<\/div>\n\n<h4 class=\"\">Strat\u00e9gie &amp; \u00e9dition<\/h4><p>Naviguant depuis plus de 20 ans dans le domaine de l\u2019\u00e9dition et l\u2019univers du luxe, Val\u00e9rie aime avant tout raconter des histoires et cr\u00e9er des contenus exclusifs. Ancr\u00e9e chez Louis Vuitton pendant plus de 10 ans en tant que Senior Editor, Val\u00e9rie se pla\u00eet \u00e0 d\u00e9velopper et coordonner des projets \u00e0 360\u00b0 qui allient cr\u00e9ativit\u00e9 visuelle et analyse critique pour renforcer l\u2019impact et la coh\u00e9rence de l\u2019image de marque.<br \/>Sensible aux questions environnementales et animales, passionn\u00e9e de voile, l\u2019Italienne surfe \u00e0 pr\u00e9sent entre Paris et Marseille. En 2022, elle rejoint Ic\u00f4ne pour y apporter son expertise pointue, son regard critique et sa cr\u00e9ativit\u00e9.<\/p><\/div>\n<div class=\" col-xs-12 col-sm-6 col-md-4 col-lg-4 portrait-2\"  >\n\t\n<p><code><\/p><div class=\"tache\"><svg viewBox=\"0 0 200 200\" xmlns=\"http:\/\/www.w3.org\/2000\/svg\">   <path fill=\"#E5B045\" d=\"M44.9,-47.5C59,-41.7,71.7,-28.3,72.1,-14.4C72.6,-0.5,60.7,13.8,51.9,30.8C43.1,47.7,37.3,67.2,26.2,70.7C15,74.3,-1.5,61.8,-14,51.6C-26.6,41.4,-35.3,33.4,-45.3,22.8C-55.3,12.3,-66.7,-0.7,-69.1,-16.5C-71.4,-32.2,-64.7,-50.6,-51.7,-56.7C-38.6,-62.7,-19.3,-56.3,-2,-54C15.4,-51.6,30.8,-53.4,44.9,-47.5Z\" transform=\"translate(100 100)\" \/> <\/svg><\/div><p><\/code><\/p><div class=\"team-item\">\n\t<div class=\"team-item__wrap\">\n\t\t<img src=\"\/\/iconeproduction.com\/wp-content\/uploads\/2018\/01\/portraits_0008_Layer-1-1.png\" alt=\"Lucas Ohresser\" class=\"team-item__img\">\n\t\t<div class=\"team-item-social\">\n\t\t\t\t<\/div>\n\t<\/div>\n\t<div class=\"team-item-details\">\n\t\t<div class=\"team-item-details__name\">Lucas Ohresser<\/div>\n\t\t<div class=\"team-item-details__position\"><\/div>\n\t<\/div>\n<\/div>\n\n<h4 class=\"\">Charg\u00e9 de production<\/h4><p>Chef d\u2019orchestre de la soci\u00e9t\u00e9, transversal sur tous les domaines de production dont il maitrise l\u2019ensemble des outils, Lucas fait le lien entre les diff\u00e9rents p\u00f4les mis en \u0153uvre pour l\u2019\u00e9laboration de chaque projet. Disponible et r\u00e9actif, il est l\u2019interlocuteur privil\u00e9gi\u00e9 des partenaires d\u2019Ic\u00f4ne.<\/p><\/div>\n<div class=\" col-xs-12 col-sm-6 col-md-4 col-lg-4 portrait-4\"  >\n\t\n<p><code><\/p><div class=\"tache\"><svg viewBox=\"0 0 200 200\" xmlns=\"http:\/\/www.w3.org\/2000\/svg\">   <path fill=\"#E5B045\" d=\"M53.7,-42.6C69,-23.7,80.4,-1.4,76.8,18.9C73.3,39.1,54.8,57.4,34.5,64.3C14.2,71.3,-8,67.1,-27,57.4C-46,47.8,-61.6,32.7,-66.1,14.6C-70.6,-3.4,-63.9,-24.5,-51,-42.9C-38.1,-61.3,-19.1,-77.1,0.1,-77.1C19.2,-77.2,38.4,-61.6,53.7,-42.6Z\" transform=\"translate(100 100)\" \/> <\/svg><\/div><p><\/code><\/p><div class=\"team-item\">\n\t<div class=\"team-item__wrap\">\n\t\t<img src=\"\/\/iconeproduction.com\/wp-content\/uploads\/2018\/01\/portraits_0004_Layer-5-1.png\" alt=\"Richard Gomard\" class=\"team-item__img\">\n\t\t<div class=\"team-item-social\">\n\t\t\t\t<\/div>\n\t<\/div>\n\t<div class=\"team-item-details\">\n\t\t<div class=\"team-item-details__name\">Richard Gomard<\/div>\n\t\t<div class=\"team-item-details__position\"><\/div>\n\t<\/div>\n<\/div>\n\n<h4 class=\"\">Responsable de post-production<\/h4><p>Fort d\u2019une longue exp\u00e9rience dans le domaine des FX, sp\u00e9cialis\u00e9 dans la 3D, et graphiste polyvalent, Richard dirige le studio graphique d\u2019Ic\u00f4ne. Son apport technique, sa vision globale de la cha\u00eene de post-production permettent l\u2019\u00e9laboration de projets graphiques complexes et apportent aux r\u00e9alisations d\u2019Ic\u00f4ne un suppl\u00e9ment cr\u00e9atif.<\/p><\/div>\n<div class=\" col-xs-12 col-sm-6 col-md-4 col-lg-4 portrait-5\"  >\n\t\n<p><code><\/p><div class=\"tache\"><svg viewBox=\"0 0 200 200\" xmlns=\"http:\/\/www.w3.org\/2000\/svg\">   <path fill=\"#E5B045\" d=\"M51.9,-42C65.3,-24.6,72.7,-3.2,67.9,14.5C63,32.1,45.9,46,26.6,55.3C7.3,64.6,-14.2,69.4,-31.7,62.3C-49.2,55.2,-62.6,36.3,-63.3,18.6C-64.1,0.9,-52.1,-15.6,-39.5,-32.8C-26.8,-50,-13.4,-68,2.9,-70.3C19.3,-72.6,38.5,-59.4,51.9,-42Z\" transform=\"translate(100 100)\" \/> <\/svg><\/div><p><\/code><\/p><div class=\"team-item\">\n\t<div class=\"team-item__wrap\">\n\t\t<img src=\"\/\/iconeproduction.com\/wp-content\/uploads\/2018\/01\/portraits_0007_Layer-2-1.png\" alt=\"Charles Cochet\" class=\"team-item__img\">\n\t\t<div class=\"team-item-social\">\n\t\t\t\t<\/div>\n\t<\/div>\n\t<div class=\"team-item-details\">\n\t\t<div class=\"team-item-details__name\">Charles Cochet<\/div>\n\t\t<div class=\"team-item-details__position\"><\/div>\n\t<\/div>\n<\/div>\n\n<h4 class=\"\">Directeur de cr\u00e9ation<\/h4><p>Charles allie une vision cr\u00e9ative et un savoir-faire technique qui font de lui un \u00e9l\u00e9ment cl\u00e9 de l\u2019\u00e9quipe d\u2019Ic\u00f4ne. Graphiste de formation, il dirige et anime la cr\u00e9ation, il insuffle son talent de mani\u00e8re transversale.<\/p><\/div>\n<div class=\" col-xs-12 col-sm-6 col-md-4 col-lg-4 portrait-6\"  >\n\t\n<p><code><\/p><div class=\"tache\"><svg viewBox=\"0 0 200 200\" xmlns=\"http:\/\/www.w3.org\/2000\/svg\">   <path fill=\"#E5B045\" d=\"M40.1,-30.7C52.4,-16.4,63.3,0.2,60.3,13.9C57.3,27.6,40.4,38.2,21.9,48.2C3.4,58.1,-16.8,67.4,-33.6,62.2C-50.4,57,-63.9,37.4,-69.5,15.2C-75,-6.9,-72.6,-31.4,-59.7,-45.8C-46.8,-60.2,-23.4,-64.5,-4.8,-60.7C13.9,-56.8,27.7,-45,40.1,-30.7Z\" transform=\"translate(100 100)\" \/> <\/svg><\/div><p><\/code><\/p><div class=\"team-item\">\n\t<div class=\"team-item__wrap\">\n\t\t<img src=\"\/\/iconeproduction.com\/wp-content\/uploads\/2018\/01\/portraits_0003_Layer-6-1.png\" alt=\"Philippe Lambert\" class=\"team-item__img\">\n\t\t<div class=\"team-item-social\">\n\t\t\t\t<\/div>\n\t<\/div>\n\t<div class=\"team-item-details\">\n\t\t<div class=\"team-item-details__name\">Philippe Lambert<\/div>\n\t\t<div class=\"team-item-details__position\"><\/div>\n\t<\/div>\n<\/div>\n\n<h4 class=\"\">Business development<\/h4><p>Sp\u00e9cialiste de la vente et du marketing, apr\u00e8s avoir travaill\u00e9 avec de nombreuses marques dans la mode et le sport, Philippe s\u2019est sp\u00e9cialis\u00e9 dans le lancement de nouveaux concepts, de marques naissantes. Il conseille et accompagne les entreprises d\u00e9sireuses de d\u00e9velopper des activit\u00e9s multi-plateformes, d\u2019am\u00e9liorer leur image de marque, leur communication et leur Business Development.<\/p><\/div>\n<div class=\" col-xs-12 col-sm-6 col-md-4 col-lg-4 portrait-7\"  >\n\t\n<p><code><\/p><div class=\"tache\"><svg viewBox=\"0 0 200 200\" xmlns=\"http:\/\/www.w3.org\/2000\/svg\">   <path fill=\"#E5B045\" d=\"M44.2,-55.4C55.1,-43.4,60.3,-27.5,64.4,-10.5C68.4,6.6,71.3,24.7,62.8,33.2C54.3,41.8,34.4,40.8,18.1,44.5C1.7,48.3,-11,56.8,-21.9,55.1C-32.9,53.4,-42,41.5,-53.1,27.9C-64.3,14.4,-77.3,-0.8,-76.7,-15.1C-76.1,-29.5,-61.8,-43,-46.7,-54.3C-31.6,-65.5,-15.8,-74.4,0.4,-74.9C16.6,-75.4,33.2,-67.4,44.2,-55.4Z\" transform=\"translate(100 100)\" \/> <\/svg><\/div><p><\/code><\/p><div class=\"team-item\">\n\t<div class=\"team-item__wrap\">\n\t\t<img src=\"\/\/iconeproduction.com\/wp-content\/uploads\/2018\/01\/portraits_0005_Layer-4-1.png\" alt=\"Emmanuel Gautier\" class=\"team-item__img\">\n\t\t<div class=\"team-item-social\">\n\t\t\t\t<\/div>\n\t<\/div>\n\t<div class=\"team-item-details\">\n\t\t<div class=\"team-item-details__name\">Emmanuel Gautier<\/div>\n\t\t<div class=\"team-item-details__position\"><\/div>\n\t<\/div>\n<\/div>\n\n<h4 class=\"\">Monteur<\/h4><p>Monteur en chef de nombreux projets d\u2019Ic\u00f4ne, Emmanuel s\u2019implique dans chacun des sujets qu\u2019il est amen\u00e9 \u00e0 monter. En v\u00e9ritable collaboration avec les clients et les r\u00e9alisateurs, il s\u2019impr\u00e8gne de l\u2019univers de chaque projet et apporte une justesse de point de vue sans \u00e9gale.<\/p><\/div>\n<div class=\" col-xs-12 col-sm-6 col-md-4 col-lg-4 portrait-8\"  >\n\t\n<p><code><\/p><div class=\"tache\"><svg viewBox=\"0 0 200 200\" xmlns=\"http:\/\/www.w3.org\/2000\/svg\">   <path fill=\"#E5B045\" d=\"M42.3,-51.2C52.9,-41.4,58.5,-26.4,61.3,-10.8C64.1,4.8,64.1,20.9,55.7,28.9C47.2,36.9,30.3,36.8,16.7,38.7C3,40.6,-7.3,44.6,-16.5,42.5C-25.7,40.4,-33.7,32.2,-44.5,21.7C-55.4,11.2,-68.9,-1.7,-69.4,-14.5C-69.9,-27.4,-57.2,-40.3,-43.5,-49.5C-29.7,-58.8,-14.9,-64.4,0.5,-64.9C15.8,-65.5,31.6,-61,42.3,-51.2Z\" transform=\"translate(100 100)\" \/> <\/svg><\/div><p><\/code><\/p><div class=\"team-item\">\n\t<div class=\"team-item__wrap\">\n\t\t<img src=\"\/\/iconeproduction.com\/wp-content\/uploads\/2018\/01\/portraits_0001_Layer-8-1.png\" alt=\"L\u00e9a Blot\" class=\"team-item__img\">\n\t\t<div class=\"team-item-social\">\n\t\t\t\t<\/div>\n\t<\/div>\n\t<div class=\"team-item-details\">\n\t\t<div class=\"team-item-details__name\">L\u00e9a Blot<\/div>\n\t\t<div class=\"team-item-details__position\"><\/div>\n\t<\/div>\n<\/div>\n\n<h4 class=\"\">Directrice Artistique<\/h4><p>Form\u00e9e aux Beaux-Arts, L\u00e9a pose un regard artistique sur l\u2019ensemble des projets d\u2019Ic\u00f4ne. Sa curiosit\u00e9, son ouverture d\u2019esprit et son go\u00fbt prononc\u00e9 pour l\u2019esth\u00e9tisme participent grandement aux succ\u00e8s des r\u00e9alisations.<\/p><\/div>\n<div class=\" hidden-xs hidden-md hidden-lg col-xs-12 col-sm-6 col-md-4 col-lg-4 equal-cols align-center\"  >\n\t\n\n<a href=\"http:\/\/iconeproduction.com\/contact\/\" target=\"_blank\" class=\"btn-a btn-a_color_theme\" style=margin-top:100px>\n\t\t\t\t\t\t\tContactez-nous<\/a>\n<\/div><\/div>\n\n\n\t\t\t\t\t\n\t\t\t<\/div>\n\t\t\t\t<\/div>\n\t\t\t\t\n\t<\/section>\n<\/p>\n","protected":false},"excerpt":{"rendered":"<p>UNIQUENotre esprit d&#8217;\u00e9quipe Albert Einstein\u00ab On n\u2019est intelligent qu\u2019\u00e0 plusieurs \u00bbDepuis sa fondation en 2006, icone propose \u00e0 ses clients une offre de solutions toujours plus large &#8211; audiovisuel, impression ou web &#8211; leur permettant de ressourcer leurs valeurs, d&#8217;accentuer leur visibilit\u00e9 et leur empreinte par l&#8217;image. icone a b\u00e2ti sa r\u00e9putation sur la qualit\u00e9 [&hellip;]<\/p>\n","protected":false},"author":1,"featured_media":0,"parent":0,"menu_order":1,"comment_status":"closed","ping_status":"closed","template":"page-home.php","meta":[],"_links":{"self":[{"href":"https:\/\/iconeproduction.com\/en\/wp-json\/wp\/v2\/pages\/987"}],"collection":[{"href":"https:\/\/iconeproduction.com\/en\/wp-json\/wp\/v2\/pages"}],"about":[{"href":"https:\/\/iconeproduction.com\/en\/wp-json\/wp\/v2\/types\/page"}],"author":[{"embeddable":true,"href":"https:\/\/iconeproduction.com\/en\/wp-json\/wp\/v2\/users\/1"}],"replies":[{"embeddable":true,"href":"https:\/\/iconeproduction.com\/en\/wp-json\/wp\/v2\/comments?post=987"}],"version-history":[{"count":210,"href":"https:\/\/iconeproduction.com\/en\/wp-json\/wp\/v2\/pages\/987\/revisions"}],"predecessor-version":[{"id":2631,"href":"https:\/\/iconeproduction.com\/en\/wp-json\/wp\/v2\/pages\/987\/revisions\/2631"}],"wp:attachment":[{"href":"https:\/\/iconeproduction.com\/en\/wp-json\/wp\/v2\/media?parent=987"}],"curies":[{"name":"wp","href":"https:\/\/api.w.org\/{rel}","templated":true}]}}