{"id":3352,"date":"2018-02-05T15:32:05","date_gmt":"2018-02-05T14:32:05","guid":{"rendered":"http:\/\/iconeproduction.com\/?page_id=3352"},"modified":"2023-04-14T15:18:17","modified_gmt":"2023-04-14T13:18:17","slug":"strategie-creation","status":"publish","type":"page","link":"https:\/\/iconeproduction.com\/en\/strategie-creation\/","title":{"rendered":"Strat\u00e9gie &#038; cr\u00e9ation"},"content":{"rendered":"<p><div class=\"section section-white section-2 main-simple parallax-wrapper pt-0 pb-0\"   >\n\t\n\t\n\t\t\n\t\t\n\t\t\n\t\t\t\t<div class=\" container-middle\">\n\t\t\t\t\t<div class=\" align-left\">\n\n\t\t\t\t\n\t\t\t\t\t<div class=\"row\">\n\t\n<div class=\" col-xs-12 col-sm-12 col-md-12 col-lg-12 no-padding main-simple__title fx animated \"  >\n\t\n<h2 class=\"main-simple__title fx animated\" style=\"text-align: center;\">UNIQUE<\/h2><h3 class=\"main-simple__subtitle fx animated\" style=\"text-align: center;\">notre qualit\u00e9 de conseil<\/h3><\/div><\/div>\n\n\n\t\t\t\t\t\n\t\t\t<\/div>\n\t\t\t\t<\/div>\n\t\t\t\t\n\t<\/div>\n<div class=\"section hidden-xs section-white section-2 pt-0 pb-0 mb-20 competences pt-0 pb-0\" id=\"offer\"  >\n\t\n\t\n\t\t\n\t\t\n\t\t\n\t\t\t\t\t<div class=\"container align-left\">\n\n\t\t\t\t\n\t\t\t\t\t<div class=\"row\">\n\t\n<div class=\" col-xs-12 col-sm-6 col-md-6 col-lg-6 no-padding\"  >\n\t\n\n<div class=\"info-box-item left\" style=\"\">\n\t<div class=\"info-box-item__inner\">\n\t\t\t\t<div class=\"info-box-2-subitem\">\n\t\t\n\t\t\t\t\t\t\t<i class=\"info-box-2-subitem__ico fa fa-gears\"><\/i>\n\t\t\t\t\t\t\n\t\t\t\t\t\t<span class=\"info-box-2-subitem__title\">STRAT\u00c9GIE<\/span>\n\t\t\t\t\t\t\t\t\t<div class=\"info-box-2-subitem__description\"><p>Strat\u00e9gie de marque, strat\u00e9gie \u00e9ditoriale, wording, branding, brand content...<\/p><\/div>\n\t\t\t\t\t<\/div>\n\t\t\t<\/div>\n<\/div>\n\n\n<\/div>\n<div class=\" col-xs-12 col-sm-6 col-md-6 col-lg-6 equal-cols no-padding\"  >\n\t\n\n<div class=\"info-box-item \" style=\"\">\n\t<div class=\"info-box-item__inner\">\n\t\t\t\t<div class=\"info-box-2-subitem\">\n\t\t\n\t\t\t\t\t\t\t<i class=\"info-box-2-subitem__ico fa fa-paint-brush\"><\/i>\n\t\t\t\t\t\t\n\t\t\t\t\t\t<span class=\"info-box-2-subitem__title\">R\u00c9FLEXION CR\u00c9ATIVE<\/span>\n\t\t\t\t\t\t\t\t\t<div class=\"info-box-2-subitem__description\"><p>Print, digital, vid\u00e9o<\/p><\/div>\n\t\t\t\t\t<\/div>\n\t\t\t<\/div>\n<\/div>\n\n\n<\/div><\/div>\n\n\n\t\t\t\t\t\n\t\t\t<\/div>\n\t\t\t\t\n\t<\/div>\n<div class=\"section hidden-sm hidden-md hidden-lg section-white section-2 pt-0 pb-0 mb-20 competences pt-0 pb-0\" id=\"offer\"  >\n\t\n\t\n\t\t\n\t\t\n\t\t\n\t\t\t\t\t<div class=\"container align-left\">\n\n\t\t\t\t\n\t\t\t\t\t<div class=\"row\">\n\t\n<div class=\" col-xs-12 col-sm-6 col-md-6 col-lg-6 no-padding\"  >\n\t\n\n<div class=\"info-box-item \" style=\"\">\n\t<div class=\"info-box-item__inner\">\n\t\t\t\t<div class=\"info-box-2-subitem\">\n\t\t\n\t\t\t\t\t\t\t<i class=\"info-box-2-subitem__ico fa fa-gears\"><\/i>\n\t\t\t\t\t\t\n\t\t\t\t\t\t<span class=\"info-box-2-subitem__title\">STRAT\u00c9GIE<\/span>\n\t\t\t\t\t\t\t\t\t<div class=\"info-box-2-subitem__description\"><p>Strat\u00e9gie de marque, strat\u00e9gie \u00e9ditoriale, wording, branding, brand content...<\/p><\/div>\n\t\t\t\t\t<\/div>\n\t\t\t\t<div class=\"info-box-2-subitem\">\n\t\t\n\t\t\t\t\t\t\t<i class=\"info-box-2-subitem__ico dashicons dashicons-admin-customizer\"><\/i>\n\t\t\t\t\t\t\n\t\t\t\t\t\t<span class=\"info-box-2-subitem__title\">R\u00c9FLEXION CR\u00c9ATIVE<\/span>\n\t\t\t\t\t\t\t\t\t<div class=\"info-box-2-subitem__description\"><p>Print, digital, vid\u00e9o<\/p><\/div>\n\t\t\t\t\t<\/div>\n\t\t\t<\/div>\n<\/div>\n\n\n<\/div><\/div>\n\n\n\t\t\t\t\t\n\t\t\t<\/div>\n\t\t\t\t\n\t<\/div>\n<section class=\"section section-lightgray section-2 pt-30 portfolio-ic pt-0 pb-0\"   >\n\t\n\t\n\t\t\t\t\t\t<div class=\"container align-left\">\n\t\t\t\t\t\t<div class=\"row\">\n\t\t\t\t<div class=\"col-xs-12 col-sm-12\">\n\t\t\t\t\t\t\t\t\t\t<span class=\"section__subtitle\">Quelques-unes de <\/span>\n\t\t\t\t\t\t\t\t\t\t\t\t\t\t\t<h3 class=\"section__title\">Nos r\u00e9alisations<\/h3>\n\t\t\t\t\t\t\t\t\t<\/div>\n\t\t\t<\/div>\n\t\t\t\t\t<\/div>\n\t\t\t\t\n\t\t\n\t\t\n\t\t\t\t\t<div class=\" align-left\">\n\n\t\t\t\t\n\t\t\t\t\t<div class=\"row\">\n\t\n<div class=\" col-xs-12 col-sm-12\"  >\n\t\n<p><div id=\"6a059238eeef5\" data-grid-id=\"70\" class=\"mg_6a059238eeef5 mg_grid_wrap mg_grid_70 mg_no_filters mg_deeplink mgom_69\"  ><div class=\"mg_loader \"><div class=\"mgl_1\"><\/div><div class=\"mgl_2\"><\/div><div class=\"mgl_3\"><\/div><div class=\"mgl_4\"><\/div><\/div><div class=\"mg_items_container mgic_pre_show    mgom_vc_txt\"  data-mg-pag=\"1\" data-nores-txt=\"no results\" ><div class=\"mg_gallery mg_box mg_pag_1 mgi_3087 mgi_has_lb mgis_w_1_4 mgis_h_1_4 mgis_m_w_1_2 mgis_m_h_1_2 mg_has_txt_under\"  id=\"6a059238f0835797\" data-item-id=\"3087\" data-mg-search=\"vogue - rock dream \"><div class=\"mgi_elems_wrap\"><div class=\"mg_box_inner\" ><div class=\"mg_media_wrap\"><div class=\"mgi_thumb_wrap\" ><div class=\"mgi_thumb mgi_main_thumb mgi_bg_pos_c\" data-fullurl=\"\/\/iconeproduction.com\/wp-content\/uploads\/ewpt_cache\/625x625_100_1_c_FFFFFF_d83eb343c3113d2f1846b1f1a0e3c1f8.jpg\" data-mobileurl=\"\/\/iconeproduction.com\/wp-content\/uploads\/ewpt_cache\/384x384_100_1_c_FFFFFF_d83eb343c3113d2f1846b1f1a0e3c1f8.jpg\" data-item-title=\"VOGUE - ROCK DREAM\" ><\/div><\/div><noscript><img src=\"\/\/iconeproduction.com\/wp-content\/uploads\/ewpt_cache\/625x625_100_1_c_FFFFFF_d83eb343c3113d2f1846b1f1a0e3c1f8.jpg\" alt=\"VOGUE - ROCK DREAM\" \/><\/noscript><\/div><div class=\"mgi_overlays\"><div class=\"mgom_layer mgom_icon mgom_69_1 mgom_icon_layer mgom_subj_icon\"><span><\/span><\/div><div class=\"mgom_layer mgom_full_img_layer mgom_69_2 \"><\/div><div class=\"mgom_txt_wrap mgom_69_5 \"><div class=\"mgom_layer mgom_title mgom_69_3\">VOGUE &#8211; ROCK DREAM<\/div><div class=\"mgom_layer mgom_txt_block mgom_69_4\"><\/div><\/div><\/div><\/div><\/div><\/div><div class=\"mg_gallery mg_box mg_pag_1 mgi_3182 mgi_has_lb mgis_w_1_4 mgis_h_1_4 mgis_m_w_1_2 mgis_m_h_1_2 mg_has_txt_under\"  id=\"6a059238f15e6439\" data-item-id=\"3182\" data-mg-search=\"cartier \"><div class=\"mgi_elems_wrap\"><div class=\"mg_box_inner\" ><div class=\"mg_media_wrap\"><div class=\"mgi_thumb_wrap\" ><div class=\"mgi_thumb mgi_main_thumb mgi_bg_pos_c\" data-fullurl=\"\/\/iconeproduction.com\/wp-content\/uploads\/ewpt_cache\/625x625_100_1_c_FFFFFF_d2eb868c7dc6b0536b17ca0011ecd1a3.jpg\" data-mobileurl=\"\/\/iconeproduction.com\/wp-content\/uploads\/ewpt_cache\/384x384_100_1_c_FFFFFF_d2eb868c7dc6b0536b17ca0011ecd1a3.jpg\" data-item-title=\"CARTIER\" ><\/div><\/div><noscript><img src=\"\/\/iconeproduction.com\/wp-content\/uploads\/ewpt_cache\/625x625_100_1_c_FFFFFF_d2eb868c7dc6b0536b17ca0011ecd1a3.jpg\" alt=\"CARTIER\" \/><\/noscript><\/div><div class=\"mgi_overlays\"><div class=\"mgom_layer mgom_icon mgom_69_1 mgom_icon_layer mgom_subj_icon\"><span><\/span><\/div><div class=\"mgom_layer mgom_full_img_layer mgom_69_2 \"><\/div><div class=\"mgom_txt_wrap mgom_69_5 \"><div class=\"mgom_layer mgom_title mgom_69_3\">CARTIER<\/div><div class=\"mgom_layer mgom_txt_block mgom_69_4\"><\/div><\/div><\/div><\/div><\/div><\/div><div class=\"mg_gallery mg_box mg_pag_1 mgi_3174 mgi_has_lb mgis_w_1_4 mgis_h_1_4 mgis_m_w_1_2 mgis_m_h_1_2 mg_has_txt_under\"  id=\"6a059238f1b48673\" data-item-id=\"3174\" data-mg-search=\"geolodge \"><div class=\"mgi_elems_wrap\"><div class=\"mg_box_inner\" ><div class=\"mg_media_wrap\"><div class=\"mgi_thumb_wrap\" ><div class=\"mgi_thumb mgi_main_thumb mgi_bg_pos_r\" data-fullurl=\"\/\/iconeproduction.com\/wp-content\/uploads\/ewpt_cache\/625x625_100_1_r_FFFFFF_7fda90c0c8f09ea8857794a7fe458ed8.jpg\" data-mobileurl=\"\/\/iconeproduction.com\/wp-content\/uploads\/ewpt_cache\/384x384_100_1_r_FFFFFF_7fda90c0c8f09ea8857794a7fe458ed8.jpg\" data-item-title=\"GEOLODGE\" ><\/div><\/div><noscript><img src=\"\/\/iconeproduction.com\/wp-content\/uploads\/ewpt_cache\/625x625_100_1_r_FFFFFF_7fda90c0c8f09ea8857794a7fe458ed8.jpg\" alt=\"GEOLODGE\" \/><\/noscript><\/div><div class=\"mgi_overlays\"><div class=\"mgom_layer mgom_icon mgom_69_1 mgom_icon_layer mgom_subj_icon\"><span><\/span><\/div><div class=\"mgom_layer mgom_full_img_layer mgom_69_2 \"><\/div><div class=\"mgom_txt_wrap mgom_69_5 \"><div class=\"mgom_layer mgom_title mgom_69_3\">GEOLODGE<\/div><div class=\"mgom_layer mgom_txt_block mgom_69_4\"><\/div><\/div><\/div><\/div><\/div><\/div><div class=\"mg_gallery mg_box mg_pag_1 mgi_3284 mgi_has_lb mgis_w_1_4 mgis_h_1_4 mgis_m_w_1_2 mgis_m_h_1_2 mg_has_txt_under\"  id=\"6a059238f1f30711\" data-item-id=\"3284\" data-mg-search=\"mitterrand, b\u00c2tisseur de mysteres \"><div class=\"mgi_elems_wrap\"><div class=\"mg_box_inner\" ><div class=\"mg_media_wrap\"><div class=\"mgi_thumb_wrap\" ><div class=\"mgi_thumb mgi_main_thumb mgi_bg_pos_c\" data-fullurl=\"\/\/iconeproduction.com\/wp-content\/uploads\/ewpt_cache\/625x625_100_1_c_FFFFFF_5a92b922df110adc06eda384836d9e21.png\" data-mobileurl=\"\/\/iconeproduction.com\/wp-content\/uploads\/ewpt_cache\/384x384_100_1_c_FFFFFF_5a92b922df110adc06eda384836d9e21.png\" data-item-title=\"MITTERRAND, B\u00c2TISSEUR DE MYSTERES\" ><\/div><\/div><noscript><img src=\"\/\/iconeproduction.com\/wp-content\/uploads\/ewpt_cache\/625x625_100_1_c_FFFFFF_5a92b922df110adc06eda384836d9e21.png\" alt=\"MITTERRAND, B\u00c2TISSEUR DE MYSTERES\" \/><\/noscript><\/div><div class=\"mgi_overlays\"><div class=\"mgom_layer mgom_icon mgom_69_1 mgom_icon_layer mgom_subj_icon\"><span><\/span><\/div><div class=\"mgom_layer mgom_full_img_layer mgom_69_2 \"><\/div><div class=\"mgom_txt_wrap mgom_69_5 \"><div class=\"mgom_layer mgom_title mgom_69_3\">MITTERRAND, B\u00c2TISSEUR DE MYSTERES<\/div><div class=\"mgom_layer mgom_txt_block mgom_69_4\"><\/div><\/div><\/div><\/div><\/div><\/div><div class=\"mg_gallery mg_box mg_pag_1 mgi_3204 mgi_has_lb mgis_w_1_4 mgis_h_1_4 mgis_m_w_1_2 mgis_m_h_1_2 mg_has_txt_under\"  id=\"6a059238f233c845\" data-item-id=\"3204\" data-mg-search=\"bnp paribas cardif \"><div class=\"mgi_elems_wrap\"><div class=\"mg_box_inner\" ><div class=\"mg_media_wrap\"><div class=\"mgi_thumb_wrap\" ><div class=\"mgi_thumb mgi_main_thumb mgi_bg_pos_c\" data-fullurl=\"\/\/iconeproduction.com\/wp-content\/uploads\/ewpt_cache\/625x625_100_1_c_FFFFFF_a71c673901372495f390cadcf6cce269.png\" data-mobileurl=\"\/\/iconeproduction.com\/wp-content\/uploads\/ewpt_cache\/384x384_100_1_c_FFFFFF_a71c673901372495f390cadcf6cce269.png\" data-item-title=\"BNP PARIBAS CARDIF\" ><\/div><\/div><noscript><img src=\"\/\/iconeproduction.com\/wp-content\/uploads\/ewpt_cache\/625x625_100_1_c_FFFFFF_a71c673901372495f390cadcf6cce269.png\" alt=\"BNP PARIBAS CARDIF\" \/><\/noscript><\/div><div class=\"mgi_overlays\"><div class=\"mgom_layer mgom_icon mgom_69_1 mgom_icon_layer mgom_subj_icon\"><span><\/span><\/div><div class=\"mgom_layer mgom_full_img_layer mgom_69_2 \"><\/div><div class=\"mgom_txt_wrap mgom_69_5 \"><div class=\"mgom_layer mgom_title mgom_69_3\">BNP PARIBAS CARDIF<\/div><div class=\"mgom_layer mgom_txt_block mgom_69_4\"><\/div><\/div><\/div><\/div><\/div><\/div><div class=\"mg_gallery mg_box mg_pag_1 mgi_3185 mgi_has_lb mgis_w_1_4 mgis_h_1_4 mgis_m_w_1_2 mgis_m_h_1_2 mg_has_txt_under\"  id=\"6a059238f27e2393\" data-item-id=\"3185\" data-mg-search=\"l'\u00c9cole des arts joailliers \"><div class=\"mgi_elems_wrap\"><div class=\"mg_box_inner\" ><div class=\"mg_media_wrap\"><div class=\"mgi_thumb_wrap\" ><div class=\"mgi_thumb mgi_main_thumb mgi_bg_pos_c\" data-fullurl=\"\/\/iconeproduction.com\/wp-content\/uploads\/ewpt_cache\/625x625_100_1_c_FFFFFF_908f8fe74d1d0023920e061931f05de1.jpg\" data-mobileurl=\"\/\/iconeproduction.com\/wp-content\/uploads\/ewpt_cache\/384x384_100_1_c_FFFFFF_908f8fe74d1d0023920e061931f05de1.jpg\" data-item-title=\"L&#039;\u00c9COLE DES ARTS JOAILLIERS\" ><\/div><\/div><noscript><img src=\"\/\/iconeproduction.com\/wp-content\/uploads\/ewpt_cache\/625x625_100_1_c_FFFFFF_908f8fe74d1d0023920e061931f05de1.jpg\" alt=\"L&#039;\u00c9COLE DES ARTS JOAILLIERS\" \/><\/noscript><\/div><div class=\"mgi_overlays\"><div class=\"mgom_layer mgom_icon mgom_69_1 mgom_icon_layer mgom_subj_icon\"><span><\/span><\/div><div class=\"mgom_layer mgom_full_img_layer mgom_69_2 \"><\/div><div class=\"mgom_txt_wrap mgom_69_5 \"><div class=\"mgom_layer mgom_title mgom_69_3\">L&#8217;\u00c9COLE DES ARTS JOAILLIERS<\/div><div class=\"mgom_layer mgom_txt_block mgom_69_4\"><\/div><\/div><\/div><\/div><\/div><\/div><div class=\"mg_video mg_box mg_pag_1 mgi_3250 mgi_has_lb mgis_w_1_4 mgis_h_1_4 mgis_m_w_1_2 mgis_m_h_1_2 mg_has_txt_under\"  id=\"6a059238f2e34964\" data-item-id=\"3250\" data-mg-search=\"van cleef & arpels - automate f\u00c9e ondine \"><div class=\"mgi_elems_wrap\"><div class=\"mg_box_inner\" ><div class=\"mg_media_wrap\"><div class=\"mgi_thumb_wrap\" ><div class=\"mgi_thumb mgi_main_thumb mgi_bg_pos_t\" data-fullurl=\"\/\/iconeproduction.com\/wp-content\/uploads\/ewpt_cache\/625x625_100_1_t_FFFFFF_f702c904bbd121e30464353b289e206d.png\" data-mobileurl=\"\/\/iconeproduction.com\/wp-content\/uploads\/ewpt_cache\/384x384_100_1_t_FFFFFF_f702c904bbd121e30464353b289e206d.png\" data-item-title=\"VAN CLEEF &amp; ARPELS - AUTOMATE F\u00c9E ONDINE\" ><\/div><\/div><noscript><img src=\"\/\/iconeproduction.com\/wp-content\/uploads\/ewpt_cache\/625x625_100_1_t_FFFFFF_f702c904bbd121e30464353b289e206d.png\" alt=\"VAN CLEEF &amp; ARPELS - AUTOMATE F\u00c9E ONDINE\" \/><\/noscript><\/div><div class=\"mgi_overlays\"><div class=\"mgom_layer mgom_icon mgom_69_1 mgom_icon_layer mgom_subj_icon\"><span><\/span><\/div><div class=\"mgom_layer mgom_full_img_layer mgom_69_2 \"><\/div><div class=\"mgom_txt_wrap mgom_69_5 \"><div class=\"mgom_layer mgom_title mgom_69_3\">VAN CLEEF &#038; ARPELS &#8211; AUTOMATE F\u00c9E ONDINE<\/div><div class=\"mgom_layer mgom_txt_block mgom_69_4\"><\/div><\/div><\/div><\/div><\/div><\/div><div class=\"mg_gallery mg_box mg_pag_1 mgi_3262 mgi_has_lb mgis_w_1_4 mgis_h_1_4 mgis_m_w_1_2 mgis_m_h_1_2 mg_has_txt_under\"  id=\"6a059238f3242828\" data-item-id=\"3262\" data-mg-search=\"maison michel \"><div class=\"mgi_elems_wrap\"><div class=\"mg_box_inner\" ><div class=\"mg_media_wrap\"><div class=\"mgi_thumb_wrap\" ><div class=\"mgi_thumb mgi_main_thumb mgi_bg_pos_c\" data-fullurl=\"\/\/iconeproduction.com\/wp-content\/uploads\/ewpt_cache\/625x625_100_1_c_FFFFFF_754fbc3abcfe4d750e2aefaf2bc6cb8e.jpg\" data-mobileurl=\"\/\/iconeproduction.com\/wp-content\/uploads\/ewpt_cache\/384x384_100_1_c_FFFFFF_754fbc3abcfe4d750e2aefaf2bc6cb8e.jpg\" data-item-title=\"MAISON MICHEL\" ><\/div><\/div><noscript><img src=\"\/\/iconeproduction.com\/wp-content\/uploads\/ewpt_cache\/625x625_100_1_c_FFFFFF_754fbc3abcfe4d750e2aefaf2bc6cb8e.jpg\" alt=\"MAISON MICHEL\" \/><\/noscript><\/div><div class=\"mgi_overlays\"><div class=\"mgom_layer mgom_icon mgom_69_1 mgom_icon_layer mgom_subj_icon\"><span><\/span><\/div><div class=\"mgom_layer mgom_full_img_layer mgom_69_2 \"><\/div><div class=\"mgom_txt_wrap mgom_69_5 \"><div class=\"mgom_layer mgom_title mgom_69_3\">MAISON MICHEL<\/div><div class=\"mgom_layer mgom_txt_block mgom_69_4\"><\/div><\/div><\/div><\/div><\/div><\/div><\/div><\/div><script type=\"text\/javascript\">jQuery(document).ready(function($) {mg_grid_filters[\"6a059238eeef5\"] = [];jQuery(window).trigger(\"mg_pre_grid_init\", [\"6a059238eeef5\", \"70\"]);if(typeof(mg_init_grid) == \"function\" ) {mg_init_grid(\"6a059238eeef5\", 1);}jQuery(window).trigger(\"mg_post_grid_init\", [\"6a059238eeef5\", \"70\"]);});<\/script><\/p><\/div><\/div>\n\n\n\t\t\t\t\t\n\t\t\t<\/div>\n\t\t\t\t\n\t<\/section>\n<\/p>\n","protected":false},"excerpt":{"rendered":"<p>UNIQUEnotre qualit\u00e9 de conseil STRAT\u00c9GIE Strat\u00e9gie de marque, strat\u00e9gie \u00e9ditoriale, wording, branding, brand content&#8230; R\u00c9FLEXION CR\u00c9ATIVE Print, digital, vid\u00e9o STRAT\u00c9GIE Strat\u00e9gie de marque, strat\u00e9gie \u00e9ditoriale, wording, branding, brand content&#8230; R\u00c9FLEXION CR\u00c9ATIVE Print, digital, vid\u00e9o Quelques-unes de Nos r\u00e9alisations VOGUE &#8211; ROCK DREAMCARTIERGEOLODGEMITTERRAND, B\u00c2TISSEUR DE MYSTERESBNP PARIBAS CARDIFL&#8217;\u00c9COLE DES ARTS JOAILLIERSVAN CLEEF &#038; ARPELS &#8211; AUTOMATE [&hellip;]<\/p>\n","protected":false},"author":1,"featured_media":0,"parent":0,"menu_order":2,"comment_status":"closed","ping_status":"closed","template":"page-simple.php","meta":[],"_links":{"self":[{"href":"https:\/\/iconeproduction.com\/en\/wp-json\/wp\/v2\/pages\/3352"}],"collection":[{"href":"https:\/\/iconeproduction.com\/en\/wp-json\/wp\/v2\/pages"}],"about":[{"href":"https:\/\/iconeproduction.com\/en\/wp-json\/wp\/v2\/types\/page"}],"author":[{"embeddable":true,"href":"https:\/\/iconeproduction.com\/en\/wp-json\/wp\/v2\/users\/1"}],"replies":[{"embeddable":true,"href":"https:\/\/iconeproduction.com\/en\/wp-json\/wp\/v2\/comments?post=3352"}],"version-history":[{"count":20,"href":"https:\/\/iconeproduction.com\/en\/wp-json\/wp\/v2\/pages\/3352\/revisions"}],"predecessor-version":[{"id":3745,"href":"https:\/\/iconeproduction.com\/en\/wp-json\/wp\/v2\/pages\/3352\/revisions\/3745"}],"wp:attachment":[{"href":"https:\/\/iconeproduction.com\/en\/wp-json\/wp\/v2\/media?parent=3352"}],"curies":[{"name":"wp","href":"https:\/\/api.w.org\/{rel}","templated":true}]}}